{"id":5907,"date":"2023-04-17T11:21:23","date_gmt":"2023-04-17T09:21:23","guid":{"rendered":"https:\/\/customercollective.eu\/legal-2\/"},"modified":"2024-10-08T18:27:06","modified_gmt":"2024-10-08T16:27:06","slug":"legal","status":"publish","type":"page","link":"https:\/\/www.customercollective.eu\/fr\/legal\/","title":{"rendered":"L\u00e9gal"},"content":{"rendered":"\n\n<section class=\"hero hero_variant-complex\" id=\"block_643d1dcc7fe99\" data-hero>\n      <div class=\"hero__background\" style=\"--hero-background: url('https:\/\/www.customercollective.eu\/wp-content\/uploads\/2023\/02\/Customer-Collective-main-image-f1_FullLogos_Gradient-e1683612479218.png')\"><\/div>\n  \n  <div class=\"hero__inner\">\n    <div class=\"hero__header\">\n      <svg class=\"hero__header-shape before\" width=\"151\" height=\"356\" viewBox=\"0 0 151 356\" fill=\"none\" xmlns=\"http:\/\/www.w3.org\/2000\/svg\">\n        <path d=\"M144.962 274.32L66.7915 352.341C26.821 305.798 2.5 245.497 2.49999 179.383C2.49999 113.241 28.096 50.0057 69.8903 2.98822L147.798 80.7465C125.819 107.639 112.587 141.974 112.587 179.383C112.587 216.774 124.725 248.062 144.962 274.32Z\" stroke=\"#C4FC73\" stroke-width=\"4\"\/>\n      <\/svg>\n\n      \n              <div class=\"hero__header-heading\">\n          \n          <div class=\"hero__header-heading-content\">\n            \n            \n<h2 class=\"heading heading_h2 hero__header-title\">\n  Informations juridiques\n<\/h2>\n\n                      <\/div>\n        <\/div>\n      \n      \n      \n      <svg class=\"hero__header-shape after\" width=\"151\" height=\"356\" viewBox=\"0 0 151 356\" fill=\"none\" xmlns=\"http:\/\/www.w3.org\/2000\/svg\">\n        <path d=\"M6.03822 81.0431L84.2085 3.02277C124.179 49.5654 148.5 109.866 148.5 175.98C148.5 242.123 122.904 305.358 81.1096 352.375L3.20194 274.617C25.1806 247.724 38.413 213.389 38.413 175.98C38.413 138.59 26.2752 107.301 6.03822 81.0431Z\" stroke=\"#C4FC73\" stroke-width=\"4\"\/>\n      <\/svg>\n    <\/div>\n\n      <\/div>\n<\/section>\n\n\n\n\n<section class=\"article-paragraph article-paragraph_variant-default article-paragraph_scheme-dark\" id=\"block_643d1d93dfc8e\">\n  <div class=\"article-paragraph__container\">\n          \n\n\n<div class=\"text text_default-700 article-paragraph__content\" >\n  <h2>Informations juridiques sur Customer Collective<\/h2>\n<p>&nbsp;<\/p>\n<p>Le site www.customercollective.eu est g\u00e9r\u00e9 et exploit\u00e9 sous la responsabilit\u00e9 de :<\/p>\n<p>CUSTOMER COLLECTIVE \/ <span class=\"ui-provider a b c d e f g h i j k l m n o p q r s t u v w x y z ab ac ae af ag ah ai aj ak\" dir=\"ltr\"> B-15<\/span><br \/>\nHermeslaan 9<br \/>\nB-1831 Diegem<br \/>\nBE 0550.927.237<\/p>\n<p>Contact: marketing@customercollective.eu<br \/>\nNum\u00e9ro de t\u00e9l\u00e9phone: 02 704 91 61<\/p>\n<p>Directeur g\u00e9n\u00e9ral du groupe: Marco Piombo<\/p>\n<p>&nbsp;<\/p>\n\n<\/div>\n      <\/div>\n<\/section>\n","protected":false},"excerpt":{"rendered":"","protected":false},"author":1,"featured_media":0,"parent":0,"menu_order":0,"comment_status":"closed","ping_status":"closed","template":"","meta":{"footnotes":""},"class_list":["post-5907","page","type-page","status-publish","hentry"],"acf":[],"yoast_head":"<!-- This site is optimized with the Yoast SEO plugin v20.5 - https:\/\/yoast.com\/wordpress\/plugins\/seo\/ -->\n<title>L\u00e9gal | Customer Collective<\/title>\n<meta name=\"robots\" content=\"index, follow, max-snippet:-1, max-image-preview:large, max-video-preview:-1\" \/>\n<link rel=\"canonical\" href=\"https:\/\/www.customercollective.eu\/fr\/legal\/\" \/>\n<meta property=\"og:locale\" content=\"fr_FR\" \/>\n<meta property=\"og:type\" content=\"article\" \/>\n<meta property=\"og:title\" content=\"L\u00e9gal | Customer Collective\" \/>\n<meta property=\"og:url\" content=\"https:\/\/www.customercollective.eu\/fr\/legal\/\" \/>\n<meta property=\"og:site_name\" content=\"Customer Collective\" \/>\n<meta property=\"article:modified_time\" content=\"2024-10-08T16:27:06+00:00\" \/>\n<meta name=\"twitter:card\" content=\"summary_large_image\" \/>\n<script type=\"application\/ld+json\" class=\"yoast-schema-graph\">{\"@context\":\"https:\/\/schema.org\",\"@graph\":[{\"@type\":\"WebPage\",\"@id\":\"https:\/\/www.customercollective.eu\/fr\/legal\/\",\"url\":\"https:\/\/www.customercollective.eu\/fr\/legal\/\",\"name\":\"L\u00e9gal | Customer Collective\",\"isPartOf\":{\"@id\":\"https:\/\/www.customercollective.eu\/#website\"},\"datePublished\":\"2023-04-17T09:21:23+00:00\",\"dateModified\":\"2024-10-08T16:27:06+00:00\",\"breadcrumb\":{\"@id\":\"https:\/\/www.customercollective.eu\/fr\/legal\/#breadcrumb\"},\"inLanguage\":\"fr-FR\",\"potentialAction\":[{\"@type\":\"ReadAction\",\"target\":[\"https:\/\/www.customercollective.eu\/fr\/legal\/\"]}]},{\"@type\":\"BreadcrumbList\",\"@id\":\"https:\/\/www.customercollective.eu\/fr\/legal\/#breadcrumb\",\"itemListElement\":[{\"@type\":\"ListItem\",\"position\":1,\"name\":\"Home\",\"item\":\"https:\/\/www.customercollective.eu\/fr\/\"},{\"@type\":\"ListItem\",\"position\":2,\"name\":\"L\u00e9gal\"}]},{\"@type\":\"WebSite\",\"@id\":\"https:\/\/www.customercollective.eu\/#website\",\"url\":\"https:\/\/www.customercollective.eu\/\",\"name\":\"Customer Collective\",\"description\":\"How can we drive your business forward?\",\"potentialAction\":[{\"@type\":\"SearchAction\",\"target\":{\"@type\":\"EntryPoint\",\"urlTemplate\":\"https:\/\/www.customercollective.eu\/?s={search_term_string}\"},\"query-input\":\"required name=search_term_string\"}],\"inLanguage\":\"fr-FR\"}]}<\/script>\n<!-- \/ Yoast SEO plugin. -->","yoast_head_json":{"title":"L\u00e9gal | Customer Collective","robots":{"index":"index","follow":"follow","max-snippet":"max-snippet:-1","max-image-preview":"max-image-preview:large","max-video-preview":"max-video-preview:-1"},"canonical":"https:\/\/www.customercollective.eu\/fr\/legal\/","og_locale":"fr_FR","og_type":"article","og_title":"L\u00e9gal | Customer Collective","og_url":"https:\/\/www.customercollective.eu\/fr\/legal\/","og_site_name":"Customer Collective","article_modified_time":"2024-10-08T16:27:06+00:00","twitter_card":"summary_large_image","schema":{"@context":"https:\/\/schema.org","@graph":[{"@type":"WebPage","@id":"https:\/\/www.customercollective.eu\/fr\/legal\/","url":"https:\/\/www.customercollective.eu\/fr\/legal\/","name":"L\u00e9gal | Customer Collective","isPartOf":{"@id":"https:\/\/www.customercollective.eu\/#website"},"datePublished":"2023-04-17T09:21:23+00:00","dateModified":"2024-10-08T16:27:06+00:00","breadcrumb":{"@id":"https:\/\/www.customercollective.eu\/fr\/legal\/#breadcrumb"},"inLanguage":"fr-FR","potentialAction":[{"@type":"ReadAction","target":["https:\/\/www.customercollective.eu\/fr\/legal\/"]}]},{"@type":"BreadcrumbList","@id":"https:\/\/www.customercollective.eu\/fr\/legal\/#breadcrumb","itemListElement":[{"@type":"ListItem","position":1,"name":"Home","item":"https:\/\/www.customercollective.eu\/fr\/"},{"@type":"ListItem","position":2,"name":"L\u00e9gal"}]},{"@type":"WebSite","@id":"https:\/\/www.customercollective.eu\/#website","url":"https:\/\/www.customercollective.eu\/","name":"Customer Collective","description":"How can we drive your business forward?","potentialAction":[{"@type":"SearchAction","target":{"@type":"EntryPoint","urlTemplate":"https:\/\/www.customercollective.eu\/?s={search_term_string}"},"query-input":"required name=search_term_string"}],"inLanguage":"fr-FR"}]}},"_links":{"self":[{"href":"https:\/\/www.customercollective.eu\/fr\/wp-json\/wp\/v2\/pages\/5907"}],"collection":[{"href":"https:\/\/www.customercollective.eu\/fr\/wp-json\/wp\/v2\/pages"}],"about":[{"href":"https:\/\/www.customercollective.eu\/fr\/wp-json\/wp\/v2\/types\/page"}],"author":[{"embeddable":true,"href":"https:\/\/www.customercollective.eu\/fr\/wp-json\/wp\/v2\/users\/1"}],"replies":[{"embeddable":true,"href":"https:\/\/www.customercollective.eu\/fr\/wp-json\/wp\/v2\/comments?post=5907"}],"version-history":[{"count":2,"href":"https:\/\/www.customercollective.eu\/fr\/wp-json\/wp\/v2\/pages\/5907\/revisions"}],"predecessor-version":[{"id":6905,"href":"https:\/\/www.customercollective.eu\/fr\/wp-json\/wp\/v2\/pages\/5907\/revisions\/6905"}],"wp:attachment":[{"href":"https:\/\/www.customercollective.eu\/fr\/wp-json\/wp\/v2\/media?parent=5907"}],"curies":[{"name":"wp","href":"https:\/\/api.w.org\/{rel}","templated":true}]}}