{"id":5841,"date":"2023-01-27T11:55:11","date_gmt":"2023-01-27T10:55:11","guid":{"rendered":"https:\/\/customercollective.eu\/le-collectif\/"},"modified":"2025-05-14T16:08:50","modified_gmt":"2025-05-14T14:08:50","slug":"le-collectif","status":"publish","type":"page","link":"https:\/\/www.customercollective.eu\/fr\/le-collectif\/","title":{"rendered":"Le Collectif"},"content":{"rendered":"\n\n<section class=\"hero hero_variant-complex\" id=\"block_63d3cb890c00b\" data-hero>\n      <div class=\"hero__background\" style=\"--hero-background: url('https:\/\/www.customercollective.eu\/wp-content\/uploads\/2025\/05\/selma-da-silva-1O33RAdh5h4-unsplash-scaled-e1747227818760.jpg')\"><\/div>\n  \n  <div class=\"hero__inner\">\n    <div class=\"hero__header\">\n      <svg class=\"hero__header-shape before\" width=\"151\" height=\"356\" viewBox=\"0 0 151 356\" fill=\"none\" xmlns=\"http:\/\/www.w3.org\/2000\/svg\">\n        <path d=\"M144.962 274.32L66.7915 352.341C26.821 305.798 2.5 245.497 2.49999 179.383C2.49999 113.241 28.096 50.0057 69.8903 2.98822L147.798 80.7465C125.819 107.639 112.587 141.974 112.587 179.383C112.587 216.774 124.725 248.062 144.962 274.32Z\" stroke=\"#C4FC73\" stroke-width=\"4\"\/>\n      <\/svg>\n\n      \n              <div class=\"hero__header-heading\">\n          \n          <div class=\"hero__header-heading-content\">\n            \n            \n<h2 class=\"heading heading_h2 hero__header-title\">\n  L\u2019objectif de notre Collectif\n<\/h2>\n\n                      <\/div>\n        <\/div>\n      \n      \n              \n\n\n<p class=\"text text_default-400  text_md-500 hero__header-description\" >\n  Notre objectif est de permettre \u00e0 votre entreprise de prendre de l&#8217;avance dans le paysage concurrentiel actuel, qui \u00e9volue rapidement, et de conserver cette avance. Pour ce faire, nous mettons \u00e0 profit notre expertise collective dans les trois domaines essentiels que tout chef d&#8217;entreprise doit ma\u00eetriser : la strat\u00e9gie client, le num\u00e9rique et la cr\u00e9ation, et la technologie et les donn\u00e9es. Avec votre ambition et notre passion, il n&#8217;y a rien que nous ne puissions r\u00e9aliser. Ensemble.    \n<\/p>\n      \n      <svg class=\"hero__header-shape after\" width=\"151\" height=\"356\" viewBox=\"0 0 151 356\" fill=\"none\" xmlns=\"http:\/\/www.w3.org\/2000\/svg\">\n        <path d=\"M6.03822 81.0431L84.2085 3.02277C124.179 49.5654 148.5 109.866 148.5 175.98C148.5 242.123 122.904 305.358 81.1096 352.375L3.20194 274.617C25.1806 247.724 38.413 213.389 38.413 175.98C38.413 138.59 26.2752 107.301 6.03822 81.0431Z\" stroke=\"#C4FC73\" stroke-width=\"4\"\/>\n      <\/svg>\n    <\/div>\n\n      <\/div>\n<\/section>\n\n\n\n\n<section class=\"intro intro_scheme-light intro_alignment-center\" id=\"block_6411cdc909334\">\n  <div class=\"intro__inner\">\n    <div class=\"intro__header\">\n              \n<h3 class=\"heading heading_h3 intro__header-title\">\n  Notre histoire<span>.<\/span>\n<\/h3>\n      \n              \n\n\n<p class=\"text text_default-400  text_md-500 intro__header-description\" >\n  Customer Collective a \u00e9t\u00e9 cr\u00e9\u00e9 en 2021 pour unir les forces d\u2019entreprises marketing sp\u00e9cialis\u00e9es de haut rang et apporter une r\u00e9ponse aux difficult\u00e9s complexes auxquelles les entreprises sont confront\u00e9es actuellement. <br \/>\n<br \/>\nNotre Collectif est n\u00e9 de The House of Marketing, un fournisseur d\u2019expertise marketing strat\u00e9gique de pointe depuis 1994. Upthrust a \u00e9t\u00e9 cr\u00e9\u00e9 en 2018. Ces deux entreprises ont entam\u00e9 leurs projets d\u2019expansion en 2019 par une croissance organique soutenue et des acquisitions, menant \u00e0 la cr\u00e9ation de Customer Collective en 2021.   <br \/>\n<br \/>\nLe collectif est compos\u00e9 de addData, Dignify, EnoRm, Fightclub, Online Dialogue, The House of Marketing et Webworks. Sept entreprises avec un savoir-faire de niche, extr\u00eamement demand\u00e9. Plus de 425 sp\u00e9cialistes extr\u00eamement qualifi\u00e9s. Notre objectif commun : donner un coup d\u2019acc\u00e9l\u00e9rateur \u00e0 nos clients. (\u00c0 partir de 2025, Upthrust et Fightclub continueront d&#8217;exister sous la marque unifi\u00e9e Fightclub).<br \/>\n<br \/>\nCustomer Collective est soutenu par Down 2 Earth Capital et Quanteus Group. \n<\/p>\n          <\/div>\n  <\/div>\n<\/section>\n\n\n\n<section class=\"who-we-are\" id=\"block_63d3ce4ec38c9\">\n  <div class=\"who-we-are__container\">\n    \n    \n          <div class=\"who-we-are__logos\">\n                  <a href=\"https:\/\/www.customercollective.eu\/fr\/entities\/webworks\/\"\n            class=\"who-we-are__logo\">\n            \n\n<figure class=\"image image_fit-contain who-we-are__logo-image\"\n  style=\"--aspect-ratio: 3.2\">\n  <img decoding=\"async\" src=\"https:\/\/www.customercollective.eu\/wp-content\/uploads\/2023\/02\/webworks-baseline-rgb-black-1.png\" alt=\"\" \/>\n<\/figure>\n\n            \n\n\n<p class=\"text text_default-500 who-we-are__logo-description\" >\n  Communaut\u00e9 de sp\u00e9cialistes du marketing de performance\n<\/p>\n\n            <span class=\"who-we-are__logo-icon\">\n              \n<svg class=\"icon \"\n  width=\"16\"\n  height=\"16\"\n  viewbox=\"0 0 16 16\">\n  <use xlink:href=\"#icon-arrow-top-right\"><\/use>\n<\/svg>\n            <\/span>\n          <\/a>\n                  <a href=\"https:\/\/www.customercollective.eu\/fr\/entities\/the-house-of-marketing\/\"\n            class=\"who-we-are__logo\">\n            \n\n<figure class=\"image image_fit-contain who-we-are__logo-image\"\n  style=\"--aspect-ratio: 3.2\">\n  <img decoding=\"async\" src=\"https:\/\/www.customercollective.eu\/wp-content\/uploads\/2023\/02\/thehouseofmarketing-rgb-black-1.svg\" alt=\"\" \/>\n<\/figure>\n\n            \n\n\n<p class=\"text text_default-500 who-we-are__logo-description\" >\n  Communaut\u00e9 de sp\u00e9cialistes du marketing\n<\/p>\n\n            <span class=\"who-we-are__logo-icon\">\n              \n<svg class=\"icon \"\n  width=\"16\"\n  height=\"16\"\n  viewbox=\"0 0 16 16\">\n  <use xlink:href=\"#icon-arrow-top-right\"><\/use>\n<\/svg>\n            <\/span>\n          <\/a>\n                  <a href=\"https:\/\/www.customercollective.eu\/fr\/entities\/fightclub\/\"\n            class=\"who-we-are__logo\">\n            \n\n<figure class=\"image image_fit-contain who-we-are__logo-image\"\n  style=\"--aspect-ratio: 3.2\">\n  <img decoding=\"async\" src=\"https:\/\/www.customercollective.eu\/wp-content\/uploads\/2023\/02\/fightclub.svg\" alt=\"\" \/>\n<\/figure>\n\n            \n\n\n<p class=\"text text_default-500 who-we-are__logo-description\" >\n  Club de la cr\u00e9ativit\u00e9 et des performances\n<\/p>\n\n            <span class=\"who-we-are__logo-icon\">\n              \n<svg class=\"icon \"\n  width=\"16\"\n  height=\"16\"\n  viewbox=\"0 0 16 16\">\n  <use xlink:href=\"#icon-arrow-top-right\"><\/use>\n<\/svg>\n            <\/span>\n          <\/a>\n                  <a href=\"https:\/\/www.customercollective.eu\/fr\/entities\/enorm\/\"\n            class=\"who-we-are__logo\">\n            \n\n<figure class=\"image image_fit-contain who-we-are__logo-image\"\n  style=\"--aspect-ratio: 3.2\">\n  <img decoding=\"async\" src=\"https:\/\/www.customercollective.eu\/wp-content\/uploads\/2023\/02\/Logo-Enorm-Black.svg\" alt=\"\" \/>\n<\/figure>\n\n            \n\n\n<p class=\"text text_default-500 who-we-are__logo-description\" >\n  \u00c9quipe de cr\u00e9ateurs de produits digitaux\n<\/p>\n\n            <span class=\"who-we-are__logo-icon\">\n              \n<svg class=\"icon \"\n  width=\"16\"\n  height=\"16\"\n  viewbox=\"0 0 16 16\">\n  <use xlink:href=\"#icon-arrow-top-right\"><\/use>\n<\/svg>\n            <\/span>\n          <\/a>\n                  <a href=\"https:\/\/www.customercollective.eu\/fr\/entities\/dignify\/\"\n            class=\"who-we-are__logo\">\n            \n\n<figure class=\"image image_fit-contain who-we-are__logo-image\"\n  style=\"--aspect-ratio: 3.2\">\n  <img decoding=\"async\" src=\"https:\/\/www.customercollective.eu\/wp-content\/uploads\/2023\/02\/dignify.svg\" alt=\"\" \/>\n<\/figure>\n\n            \n\n\n<p class=\"text text_default-500 who-we-are__logo-description\" >\n  Sp\u00e9cialistes de la technologie marketing\n<\/p>\n\n            <span class=\"who-we-are__logo-icon\">\n              \n<svg class=\"icon \"\n  width=\"16\"\n  height=\"16\"\n  viewbox=\"0 0 16 16\">\n  <use xlink:href=\"#icon-arrow-top-right\"><\/use>\n<\/svg>\n            <\/span>\n          <\/a>\n                  <a href=\"https:\/\/www.customercollective.eu\/fr\/entities\/adddata\/\"\n            class=\"who-we-are__logo\">\n            \n\n<figure class=\"image image_fit-contain who-we-are__logo-image\"\n  style=\"--aspect-ratio: 3.2\">\n  <img decoding=\"async\" src=\"https:\/\/www.customercollective.eu\/wp-content\/uploads\/2023\/01\/adddata.svg\" alt=\"\" \/>\n<\/figure>\n\n            \n\n\n<p class=\"text text_default-500 who-we-are__logo-description\" >\n  Communaut\u00e9 d\u2019experts en donn\u00e9es et en analyses\n<\/p>\n\n            <span class=\"who-we-are__logo-icon\">\n              \n<svg class=\"icon \"\n  width=\"16\"\n  height=\"16\"\n  viewbox=\"0 0 16 16\">\n  <use xlink:href=\"#icon-arrow-top-right\"><\/use>\n<\/svg>\n            <\/span>\n          <\/a>\n                  <a href=\"https:\/\/www.customercollective.eu\/fr\/entities\/online-dialogue\/\"\n            class=\"who-we-are__logo\">\n            \n\n<figure class=\"image image_fit-contain who-we-are__logo-image\"\n  style=\"--aspect-ratio: 3.2\">\n  <img decoding=\"async\" src=\"https:\/\/www.customercollective.eu\/wp-content\/uploads\/2024\/07\/logo-od-payoff-grijs-medium.png\" alt=\"Online Dialogue\" \/>\n<\/figure>\n\n            \n\n\n<p class=\"text text_default-500 who-we-are__logo-description\" >\n  Conversion rate optimization experts\n<\/p>\n\n            <span class=\"who-we-are__logo-icon\">\n              \n<svg class=\"icon \"\n  width=\"16\"\n  height=\"16\"\n  viewbox=\"0 0 16 16\">\n  <use xlink:href=\"#icon-arrow-top-right\"><\/use>\n<\/svg>\n            <\/span>\n          <\/a>\n              <\/div>\n      <\/div>\n<\/section>\n\n\n\n<section class=\"full-width-image\"\n  id=\"block_63d3ce71c38ca\"\n  style=\"--fwi-background: url(https:\/\/www.customercollective.eu\/wp-content\/uploads\/2023\/03\/FullWidthPicture.jpg)\">\n  <div class=\"full-width-image__container\">\n    <div class=\"full-width-image__header\">\n              \n<h2 class=\"heading heading_h2 full-width-image__header-title\">\n  Notre Collectif\n<\/h2>\n\n        <svg class=\"full-width-image__header-image\"\n          width=\"192\"\n          height=\"285\"\n          viewBox=\"0 0 192 285\"\n          fill=\"none\"\n          xmlns=\"http:\/\/www.w3.org\/2000\/svg\">\n          <path d=\"M104.624 253.373L7.77369 283.069C-4.58981 228.332 1.61166 169.139 29.9842 115.673C58.367 62.1887 106.196 22.0464 160.125 2.00702L189.722 98.5365C160.493 110.778 135.115 132.794 119.103 162.966C103.098 193.127 99.5161 223.548 104.624 253.373Z\"\n            stroke=\"#C4FC73\"\n            stroke-width=\"3\" \/>\n        <\/svg>\n          <\/div>\n  <\/div>\n<\/section>\n\n\n\n\n<section class=\"numbers numbers_scheme-dark\" id=\"block_63d3c8c1210e4\">\n  <div class=\"numbers__container\">\n          \n      <div class=\"numbers__number\">\n        \n\n\n<p class=\"text text_default-300-semi  text_md-400-semi numbers__number-label\" >\n  COLLEAGUES\n<\/p>\n\n        \n<h2 class=\"heading heading_h2 numbers__number-value\">\n  <span class=\"numbers__number-value-label\" data-numbers-value=\"423\" data-numbers-value-initial=\"423\" data-numbers-animate><\/span><span class=\"numbers__number-value-measure\">+<\/span>\n<\/h2>\n      <\/div>\n          \n      <div class=\"numbers__number\">\n        \n\n\n<p class=\"text text_default-300-semi  text_md-400-semi numbers__number-label\" >\n  OFFICES\n<\/p>\n\n        \n<h2 class=\"heading heading_h2 numbers__number-value\">\n  <span class=\"numbers__number-value-label\" data-numbers-value=\"7\" data-numbers-value-initial=\"7\" data-numbers-animate><\/span><span class=\"numbers__number-value-measure\"><\/span>\n<\/h2>\n      <\/div>\n          \n      <div class=\"numbers__number\">\n        \n\n\n<p class=\"text text_default-300-semi  text_md-400-semi numbers__number-label\" >\n  COUNTRIES\n<\/p>\n\n        \n<h2 class=\"heading heading_h2 numbers__number-value\">\n  <span class=\"numbers__number-value-label\" data-numbers-value=\"3\" data-numbers-value-initial=\"3\" data-numbers-animate><\/span><span class=\"numbers__number-value-measure\"><\/span>\n<\/h2>\n      <\/div>\n      <\/div>\n<\/section>\n\n\n\n\n<section class=\"card-image card-image_scheme-white card-image_orientation-right\" id=\"block_646c786d640d9\">\n  <div class=\"card-image__inner\">\n    \n\n<figure class=\"image image_fit-cover card-image__image\"\n  style=\"--aspect-ratio: 1\">\n  <img decoding=\"async\" src=\"https:\/\/www.customercollective.eu\/wp-content\/uploads\/2023\/02\/natalia-blauth-pIYRIdjKRjo-unsplash.png\" alt=\"\" \/>\n<\/figure>\n\n    <div class=\"card-image__card\">\n      <div class=\"card-image__card-inner\">\n        \n                  \n<h3 class=\"heading heading_h3 card-image__card-title\">\n  Vous voulez faire partie de notre Collectif <span>?<\/span>\n<\/h3>\n        \n        \n                  \n\n\n<p class=\"text text_default-500 card-image__card-description\" >\n  Passez \u00e0 la vitesse sup\u00e9rieure et rejoignez notre Collectif. Nous recherchons des talents de haut niveau dans leurs domaines respectifs. Vous en avez sous la p\u00e9dale ?<br \/>\r\n<br \/>\r\nGo\u00fbtez \u00e0 la mont\u00e9e d\u2019adr\u00e9naline propre \u00e0 un environnement stimulant, travaillez sur des projets passionnants qui vous feront sortir de votre zone de confort et tirez profit de formations pouss\u00e9es et de co\u00e9quipiers solidaires pour vous aider \u00e0 conserver une bonne longueur d\u2019avance.<br \/>\r\n<br \/>\r\nNos entreprises membres sont toujours \u00e0 la recherche de sp\u00e9cialistes de haut niveau dans leurs domaines respectifs. Au niveau du groupe, qui constitue l&#8217;\u00e9pine dorsale de notre organisation, il existe \u00e9galement des opportunit\u00e9s de carri\u00e8re pour les meilleurs talents qui s&#8217;efforcent de faire tourner le moteur de la collectivit\u00e9 des clients. \n<\/p>\n        \n                  \n\n\n<a class=\"button button_scheme-dark card-image__card-button\" href=\"https:\/\/careers.customercollective.eu\/\" target=\"_blank\">\n      \n\n\n<span class=\"text text_default-400-bold  text_md-500-bold button__label\" >\n  Voir les postes vacants\n<\/span>\n  \n      <span class=\"button__icon\">\n      \n<svg class=\"icon \"\n  width=\"16\"\n  height=\"16\"\n  viewbox=\"0 0 16 16\">\n  <use xlink:href=\"#icon-arrow-top-right\"><\/use>\n<\/svg>\n    <\/span>\n  <\/a>\n        \n        <svg class=\"card-image__card-shape\" viewBox=\"0 0 36 84\" fill=\"#C4FC73\" xmlns=\"http:\/\/www.w3.org\/2000\/svg\">\n          <path stroke=\"#C4FC73\" stroke-width=\"1\" d=\"M32.3006 64.4227L15.4924 81.2279C6.81095 70.5882 1.58302 57.002 1.62969 42.1608C1.67643 27.2998 7.28268 13.0858 16.4478 2.36435L33.0851 19.2093C28.154 25.5631 25.1939 33.552 25.1666 42.2348C25.1393 50.9035 27.8084 58.2331 32.3006 64.4227Z\"\/>\n        <\/svg>\n      <\/div>\n    <\/div>\n  <\/div>\n<\/section>\n","protected":false},"excerpt":{"rendered":"","protected":false},"author":1,"featured_media":0,"parent":0,"menu_order":0,"comment_status":"closed","ping_status":"closed","template":"","meta":{"footnotes":""},"class_list":["post-5841","page","type-page","status-publish","hentry"],"acf":[],"yoast_head":"<!-- This site is optimized with the Yoast SEO plugin v20.5 - https:\/\/yoast.com\/wordpress\/plugins\/seo\/ -->\n<title>Le Collectif | Customer Collective<\/title>\n<meta name=\"robots\" content=\"index, follow, max-snippet:-1, max-image-preview:large, max-video-preview:-1\" \/>\n<link rel=\"canonical\" href=\"https:\/\/www.customercollective.eu\/fr\/le-collectif\/\" \/>\n<meta property=\"og:locale\" content=\"fr_FR\" \/>\n<meta property=\"og:type\" content=\"article\" \/>\n<meta property=\"og:title\" content=\"Le Collectif | Customer Collective\" \/>\n<meta property=\"og:url\" content=\"https:\/\/www.customercollective.eu\/fr\/le-collectif\/\" \/>\n<meta property=\"og:site_name\" content=\"Customer Collective\" \/>\n<meta property=\"article:modified_time\" content=\"2025-05-14T14:08:50+00:00\" \/>\n<meta name=\"twitter:card\" content=\"summary_large_image\" \/>\n<script type=\"application\/ld+json\" class=\"yoast-schema-graph\">{\"@context\":\"https:\/\/schema.org\",\"@graph\":[{\"@type\":\"WebPage\",\"@id\":\"https:\/\/www.customercollective.eu\/fr\/le-collectif\/\",\"url\":\"https:\/\/www.customercollective.eu\/fr\/le-collectif\/\",\"name\":\"Le Collectif | Customer Collective\",\"isPartOf\":{\"@id\":\"https:\/\/www.customercollective.eu\/#website\"},\"datePublished\":\"2023-01-27T10:55:11+00:00\",\"dateModified\":\"2025-05-14T14:08:50+00:00\",\"breadcrumb\":{\"@id\":\"https:\/\/www.customercollective.eu\/fr\/le-collectif\/#breadcrumb\"},\"inLanguage\":\"fr-FR\",\"potentialAction\":[{\"@type\":\"ReadAction\",\"target\":[\"https:\/\/www.customercollective.eu\/fr\/le-collectif\/\"]}]},{\"@type\":\"BreadcrumbList\",\"@id\":\"https:\/\/www.customercollective.eu\/fr\/le-collectif\/#breadcrumb\",\"itemListElement\":[{\"@type\":\"ListItem\",\"position\":1,\"name\":\"Home\",\"item\":\"https:\/\/www.customercollective.eu\/fr\/\"},{\"@type\":\"ListItem\",\"position\":2,\"name\":\"Le Collectif\"}]},{\"@type\":\"WebSite\",\"@id\":\"https:\/\/www.customercollective.eu\/#website\",\"url\":\"https:\/\/www.customercollective.eu\/\",\"name\":\"Customer Collective\",\"description\":\"How can we drive your business forward?\",\"potentialAction\":[{\"@type\":\"SearchAction\",\"target\":{\"@type\":\"EntryPoint\",\"urlTemplate\":\"https:\/\/www.customercollective.eu\/?s={search_term_string}\"},\"query-input\":\"required name=search_term_string\"}],\"inLanguage\":\"fr-FR\"}]}<\/script>\n<!-- \/ Yoast SEO plugin. -->","yoast_head_json":{"title":"Le Collectif | Customer Collective","robots":{"index":"index","follow":"follow","max-snippet":"max-snippet:-1","max-image-preview":"max-image-preview:large","max-video-preview":"max-video-preview:-1"},"canonical":"https:\/\/www.customercollective.eu\/fr\/le-collectif\/","og_locale":"fr_FR","og_type":"article","og_title":"Le Collectif | Customer Collective","og_url":"https:\/\/www.customercollective.eu\/fr\/le-collectif\/","og_site_name":"Customer Collective","article_modified_time":"2025-05-14T14:08:50+00:00","twitter_card":"summary_large_image","schema":{"@context":"https:\/\/schema.org","@graph":[{"@type":"WebPage","@id":"https:\/\/www.customercollective.eu\/fr\/le-collectif\/","url":"https:\/\/www.customercollective.eu\/fr\/le-collectif\/","name":"Le Collectif | Customer Collective","isPartOf":{"@id":"https:\/\/www.customercollective.eu\/#website"},"datePublished":"2023-01-27T10:55:11+00:00","dateModified":"2025-05-14T14:08:50+00:00","breadcrumb":{"@id":"https:\/\/www.customercollective.eu\/fr\/le-collectif\/#breadcrumb"},"inLanguage":"fr-FR","potentialAction":[{"@type":"ReadAction","target":["https:\/\/www.customercollective.eu\/fr\/le-collectif\/"]}]},{"@type":"BreadcrumbList","@id":"https:\/\/www.customercollective.eu\/fr\/le-collectif\/#breadcrumb","itemListElement":[{"@type":"ListItem","position":1,"name":"Home","item":"https:\/\/www.customercollective.eu\/fr\/"},{"@type":"ListItem","position":2,"name":"Le Collectif"}]},{"@type":"WebSite","@id":"https:\/\/www.customercollective.eu\/#website","url":"https:\/\/www.customercollective.eu\/","name":"Customer Collective","description":"How can we drive your business forward?","potentialAction":[{"@type":"SearchAction","target":{"@type":"EntryPoint","urlTemplate":"https:\/\/www.customercollective.eu\/?s={search_term_string}"},"query-input":"required name=search_term_string"}],"inLanguage":"fr-FR"}]}},"_links":{"self":[{"href":"https:\/\/www.customercollective.eu\/fr\/wp-json\/wp\/v2\/pages\/5841"}],"collection":[{"href":"https:\/\/www.customercollective.eu\/fr\/wp-json\/wp\/v2\/pages"}],"about":[{"href":"https:\/\/www.customercollective.eu\/fr\/wp-json\/wp\/v2\/types\/page"}],"author":[{"embeddable":true,"href":"https:\/\/www.customercollective.eu\/fr\/wp-json\/wp\/v2\/users\/1"}],"replies":[{"embeddable":true,"href":"https:\/\/www.customercollective.eu\/fr\/wp-json\/wp\/v2\/comments?post=5841"}],"version-history":[{"count":14,"href":"https:\/\/www.customercollective.eu\/fr\/wp-json\/wp\/v2\/pages\/5841\/revisions"}],"predecessor-version":[{"id":7724,"href":"https:\/\/www.customercollective.eu\/fr\/wp-json\/wp\/v2\/pages\/5841\/revisions\/7724"}],"wp:attachment":[{"href":"https:\/\/www.customercollective.eu\/fr\/wp-json\/wp\/v2\/media?parent=5841"}],"curies":[{"name":"wp","href":"https:\/\/api.w.org\/{rel}","templated":true}]}}