{"id":7139,"date":"2023-01-27T11:55:11","date_gmt":"2023-01-27T10:55:11","guid":{"rendered":"https:\/\/www.customercollective.eu\/das-kollektiv\/"},"modified":"2025-05-14T16:09:32","modified_gmt":"2025-05-14T14:09:32","slug":"das-kollektiv","status":"publish","type":"page","link":"https:\/\/www.customercollective.eu\/de\/das-kollektiv\/","title":{"rendered":"Das Kollektiv"},"content":{"rendered":"\n\n<section class=\"hero hero_variant-complex\" id=\"block_63d3cb890c00b\" data-hero>\n      <div class=\"hero__background\" style=\"--hero-background: url('https:\/\/www.customercollective.eu\/wp-content\/uploads\/2025\/05\/selma-da-silva-1O33RAdh5h4-unsplash-scaled-e1747227818760.jpg')\"><\/div>\n  \n  <div class=\"hero__inner\">\n    <div class=\"hero__header\">\n      <svg class=\"hero__header-shape before\" width=\"151\" height=\"356\" viewBox=\"0 0 151 356\" fill=\"none\" xmlns=\"http:\/\/www.w3.org\/2000\/svg\">\n        <path d=\"M144.962 274.32L66.7915 352.341C26.821 305.798 2.5 245.497 2.49999 179.383C2.49999 113.241 28.096 50.0057 69.8903 2.98822L147.798 80.7465C125.819 107.639 112.587 141.974 112.587 179.383C112.587 216.774 124.725 248.062 144.962 274.32Z\" stroke=\"#C4FC73\" stroke-width=\"4\"\/>\n      <\/svg>\n\n      \n              <div class=\"hero__header-heading\">\n          \n          <div class=\"hero__header-heading-content\">\n            \n            \n<h2 class=\"heading heading_h2 hero__header-title\">\n  Unser gemeinsames Ziel\n<\/h2>\n\n                      <\/div>\n        <\/div>\n      \n      \n              \n\n\n<p class=\"text text_default-400  text_md-500 hero__header-description\" >\n  Unser Ziel ist es, Ihr Unternehmen in der schnelllebigen Wettbewerbslandschaft von heute an die Spitze zu bringen &#8211; und diesen Vorsprung zu sichern. Wir tun dies, indem wir unser kollektives Fachwissen in den drei gesch\u00e4ftskritischen Bereichen nutzen, die jeder Unternehmensleiter beherrschen muss: Kundenstrategie, Digitales &amp; Kreatives und Technologie &amp; Daten. Mit Ihrem Ehrgeiz und unserer Leidenschaft gibt es nichts, was wir nicht erreichen k\u00f6nnen. Gemeinsam.    \n<\/p>\n      \n      <svg class=\"hero__header-shape after\" width=\"151\" height=\"356\" viewBox=\"0 0 151 356\" fill=\"none\" xmlns=\"http:\/\/www.w3.org\/2000\/svg\">\n        <path d=\"M6.03822 81.0431L84.2085 3.02277C124.179 49.5654 148.5 109.866 148.5 175.98C148.5 242.123 122.904 305.358 81.1096 352.375L3.20194 274.617C25.1806 247.724 38.413 213.389 38.413 175.98C38.413 138.59 26.2752 107.301 6.03822 81.0431Z\" stroke=\"#C4FC73\" stroke-width=\"4\"\/>\n      <\/svg>\n    <\/div>\n\n      <\/div>\n<\/section>\n\n\n\n\n<section class=\"intro intro_scheme-light intro_alignment-center\" id=\"block_6411cdc909334\">\n  <div class=\"intro__inner\">\n    <div class=\"intro__header\">\n              \n<h3 class=\"heading heading_h3 intro__header-title\">\n  Unsere Geschichte<span>.<\/span>\n<\/h3>\n      \n              \n\n\n<p class=\"text text_default-400  text_md-500 intro__header-description\" >\n  Customer Collective wurde 2021 gegr\u00fcndet, um die St\u00e4rken von erstklassigen Spezialmarketingagenturen zu vereinen und auf die komplexen Herausforderungen zu reagieren, die Unternehmen heutzutage herausfordern. <br \/>\n<br \/>\nUnser Kollektiv hat seinen Ursprung in der Firma The House of Marketing, einem f\u00fchrenden Anbieter von strategischer Marketingexpertise seit 1994. Upthrust wurde 2018 ausgegr\u00fcndet. Beide Unternehmen begannen ihre Expansionsbestrebungen im Jahr 2019 durch hohes organisches Wachstum und \u00dcbernahmen, was zur Gr\u00fcndung von Customer Collective im Jahr 2021 f\u00fchrte.   <br \/>\n<br \/>\nDas Kollektiv besteht aus addData, Dignify, EnoRm, Fightclub, Online Dialogue, The House of Marketing und Webworks. Sieben Unternehmen mit gefragtem Nischen-Know-how. \u00dcber 425 hochqualifizierte Spezialisten. Ein gemeinsames Ziel: unsere Kunden an die Spitze der Entwicklung zu bringen. (Ab 2025 werden Upthrust und Fightclub unter der einheitlichen Marke Fightclub weitergef\u00fchrt).    <br \/>\n<br \/>\nCustomer Collective wird von Down 2 Earth Capital und Quanteus Group angetrieben. \n<\/p>\n          <\/div>\n  <\/div>\n<\/section>\n\n\n\n<section class=\"who-we-are\" id=\"block_63d3ce4ec38c9\">\n  <div class=\"who-we-are__container\">\n    \n    \n          <div class=\"who-we-are__logos\">\n                  <a href=\"https:\/\/www.customercollective.eu\/de\/entities\/webworks\/\"\n            class=\"who-we-are__logo\">\n            \n\n<figure class=\"image image_fit-contain who-we-are__logo-image\"\n  style=\"--aspect-ratio: 3.2\">\n  <img decoding=\"async\" src=\"https:\/\/www.customercollective.eu\/wp-content\/uploads\/2023\/02\/webworks-baseline-rgb-black-1.png\" alt=\"\" \/>\n<\/figure>\n\n            \n\n\n<p class=\"text text_default-500 who-we-are__logo-description\" >\n  Heimat der Performanceexperten\n<\/p>\n\n            <span class=\"who-we-are__logo-icon\">\n              \n<svg class=\"icon \"\n  width=\"16\"\n  height=\"16\"\n  viewbox=\"0 0 16 16\">\n  <use xlink:href=\"#icon-arrow-top-right\"><\/use>\n<\/svg>\n            <\/span>\n          <\/a>\n                  <a href=\"https:\/\/www.customercollective.eu\/de\/entities\/the-house-of-marketing\/\"\n            class=\"who-we-are__logo\">\n            \n\n<figure class=\"image image_fit-contain who-we-are__logo-image\"\n  style=\"--aspect-ratio: 3.2\">\n  <img decoding=\"async\" src=\"https:\/\/www.customercollective.eu\/wp-content\/uploads\/2023\/02\/thehouseofmarketing-rgb-black-1.svg\" alt=\"\" \/>\n<\/figure>\n\n            \n\n\n<p class=\"text text_default-500 who-we-are__logo-description\" >\n  Heimat der Gesch\u00e4fts- und Marketingstrategen\n<\/p>\n\n            <span class=\"who-we-are__logo-icon\">\n              \n<svg class=\"icon \"\n  width=\"16\"\n  height=\"16\"\n  viewbox=\"0 0 16 16\">\n  <use xlink:href=\"#icon-arrow-top-right\"><\/use>\n<\/svg>\n            <\/span>\n          <\/a>\n                  <a href=\"https:\/\/www.customercollective.eu\/de\/entities\/fightclub\/\"\n            class=\"who-we-are__logo\">\n            \n\n<figure class=\"image image_fit-contain who-we-are__logo-image\"\n  style=\"--aspect-ratio: 3.2\">\n  <img decoding=\"async\" src=\"https:\/\/www.customercollective.eu\/wp-content\/uploads\/2023\/02\/fightclub.svg\" alt=\"\" \/>\n<\/figure>\n\n            \n\n\n<p class=\"text text_default-500 who-we-are__logo-description\" >\n  Kreation- und Performancecrew\n<\/p>\n\n            <span class=\"who-we-are__logo-icon\">\n              \n<svg class=\"icon \"\n  width=\"16\"\n  height=\"16\"\n  viewbox=\"0 0 16 16\">\n  <use xlink:href=\"#icon-arrow-top-right\"><\/use>\n<\/svg>\n            <\/span>\n          <\/a>\n                  <a href=\"https:\/\/www.customercollective.eu\/de\/entities\/enorm\/\"\n            class=\"who-we-are__logo\">\n            \n\n<figure class=\"image image_fit-contain who-we-are__logo-image\"\n  style=\"--aspect-ratio: 3.2\">\n  <img decoding=\"async\" src=\"https:\/\/www.customercollective.eu\/wp-content\/uploads\/2023\/02\/Logo-Enorm-Black.svg\" alt=\"\" \/>\n<\/figure>\n\n            \n\n\n<p class=\"text text_default-500 who-we-are__logo-description\" >\n  Experten f\u00fcr Digitale Produkte\n<\/p>\n\n            <span class=\"who-we-are__logo-icon\">\n              \n<svg class=\"icon \"\n  width=\"16\"\n  height=\"16\"\n  viewbox=\"0 0 16 16\">\n  <use xlink:href=\"#icon-arrow-top-right\"><\/use>\n<\/svg>\n            <\/span>\n          <\/a>\n                  <a href=\"https:\/\/www.customercollective.eu\/de\/entities\/dignify\/\"\n            class=\"who-we-are__logo\">\n            \n\n<figure class=\"image image_fit-contain who-we-are__logo-image\"\n  style=\"--aspect-ratio: 3.2\">\n  <img decoding=\"async\" src=\"https:\/\/www.customercollective.eu\/wp-content\/uploads\/2023\/02\/dignify.svg\" alt=\"\" \/>\n<\/figure>\n\n            \n\n\n<p class=\"text text_default-500 who-we-are__logo-description\" >\n  Spezialisten f\u00fcr Marketingtechnologie\n<\/p>\n\n            <span class=\"who-we-are__logo-icon\">\n              \n<svg class=\"icon \"\n  width=\"16\"\n  height=\"16\"\n  viewbox=\"0 0 16 16\">\n  <use xlink:href=\"#icon-arrow-top-right\"><\/use>\n<\/svg>\n            <\/span>\n          <\/a>\n                  <a href=\"https:\/\/www.customercollective.eu\/de\/entities\/adddata\/\"\n            class=\"who-we-are__logo\">\n            \n\n<figure class=\"image image_fit-contain who-we-are__logo-image\"\n  style=\"--aspect-ratio: 3.2\">\n  <img decoding=\"async\" src=\"https:\/\/www.customercollective.eu\/wp-content\/uploads\/2023\/01\/adddata.svg\" alt=\"\" \/>\n<\/figure>\n\n            \n\n\n<p class=\"text text_default-500 who-we-are__logo-description\" >\n  Heimat der Daten- und Analyseexperten\n<\/p>\n\n            <span class=\"who-we-are__logo-icon\">\n              \n<svg class=\"icon \"\n  width=\"16\"\n  height=\"16\"\n  viewbox=\"0 0 16 16\">\n  <use xlink:href=\"#icon-arrow-top-right\"><\/use>\n<\/svg>\n            <\/span>\n          <\/a>\n                  <a href=\"https:\/\/www.customercollective.eu\/de\/entities\/online-dialogue\/\"\n            class=\"who-we-are__logo\">\n            \n\n<figure class=\"image image_fit-contain who-we-are__logo-image\"\n  style=\"--aspect-ratio: 3.2\">\n  <img decoding=\"async\" src=\"https:\/\/www.customercollective.eu\/wp-content\/uploads\/2024\/07\/logo-od-payoff-grijs-medium.png\" alt=\"Online Dialogue\" \/>\n<\/figure>\n\n            \n\n\n<p class=\"text text_default-500 who-we-are__logo-description\" >\n  Conversion rate optimization experts\n<\/p>\n\n            <span class=\"who-we-are__logo-icon\">\n              \n<svg class=\"icon \"\n  width=\"16\"\n  height=\"16\"\n  viewbox=\"0 0 16 16\">\n  <use xlink:href=\"#icon-arrow-top-right\"><\/use>\n<\/svg>\n            <\/span>\n          <\/a>\n              <\/div>\n      <\/div>\n<\/section>\n\n\n\n<section class=\"full-width-image\"\n  id=\"block_63d3ce71c38ca\"\n  style=\"--fwi-background: url(https:\/\/www.customercollective.eu\/wp-content\/uploads\/2023\/03\/FullWidthPicture.jpg)\">\n  <div class=\"full-width-image__container\">\n    <div class=\"full-width-image__header\">\n              \n<h2 class=\"heading heading_h2 full-width-image__header-title\">\n  Unser Kollektiv<span>.<\/span>\n<\/h2>\n\n        <svg class=\"full-width-image__header-image\"\n          width=\"192\"\n          height=\"285\"\n          viewBox=\"0 0 192 285\"\n          fill=\"none\"\n          xmlns=\"http:\/\/www.w3.org\/2000\/svg\">\n          <path d=\"M104.624 253.373L7.77369 283.069C-4.58981 228.332 1.61166 169.139 29.9842 115.673C58.367 62.1887 106.196 22.0464 160.125 2.00702L189.722 98.5365C160.493 110.778 135.115 132.794 119.103 162.966C103.098 193.127 99.5161 223.548 104.624 253.373Z\"\n            stroke=\"#C4FC73\"\n            stroke-width=\"3\" \/>\n        <\/svg>\n          <\/div>\n  <\/div>\n<\/section>\n\n\n\n\n<section class=\"numbers numbers_scheme-dark\" id=\"block_63d3c8c1210e4\">\n  <div class=\"numbers__container\">\n          \n      <div class=\"numbers__number\">\n        \n\n\n<p class=\"text text_default-300-semi  text_md-400-semi numbers__number-label\" >\n  KOLLEGEN\n<\/p>\n\n        \n<h2 class=\"heading heading_h2 numbers__number-value\">\n  <span class=\"numbers__number-value-label\" data-numbers-value=\"423\" data-numbers-value-initial=\"423\" data-numbers-animate><\/span><span class=\"numbers__number-value-measure\">+<\/span>\n<\/h2>\n      <\/div>\n          \n      <div class=\"numbers__number\">\n        \n\n\n<p class=\"text text_default-300-semi  text_md-400-semi numbers__number-label\" >\n  STANDORTE\n<\/p>\n\n        \n<h2 class=\"heading heading_h2 numbers__number-value\">\n  <span class=\"numbers__number-value-label\" data-numbers-value=\"7\" data-numbers-value-initial=\"7\" data-numbers-animate><\/span><span class=\"numbers__number-value-measure\"><\/span>\n<\/h2>\n      <\/div>\n          \n      <div class=\"numbers__number\">\n        \n\n\n<p class=\"text text_default-300-semi  text_md-400-semi numbers__number-label\" >\n  L\u00c4NDER\n<\/p>\n\n        \n<h2 class=\"heading heading_h2 numbers__number-value\">\n  <span class=\"numbers__number-value-label\" data-numbers-value=\"3\" data-numbers-value-initial=\"3\" data-numbers-animate><\/span><span class=\"numbers__number-value-measure\"><\/span>\n<\/h2>\n      <\/div>\n      <\/div>\n<\/section>\n\n\n\n\n<section class=\"card-image card-image_scheme-white card-image_orientation-right\" id=\"block_646c786d640d9\">\n  <div class=\"card-image__inner\">\n    \n\n<figure class=\"image image_fit-cover card-image__image\"\n  style=\"--aspect-ratio: 1\">\n  <img decoding=\"async\" src=\"https:\/\/www.customercollective.eu\/wp-content\/uploads\/2023\/02\/natalia-blauth-pIYRIdjKRjo-unsplash.png\" alt=\"\" \/>\n<\/figure>\n\n    <div class=\"card-image__card\">\n      <div class=\"card-image__card-inner\">\n        \n                  \n<h3 class=\"heading heading_h3 card-image__card-title\">\n  Teil unserer Gruppe werden<span>?<\/span>\n<\/h3>\n        \n        \n                  \n\n\n<p class=\"text text_default-500 card-image__card-description\" >\n  Schalte in Deiner Karriere einen Gang h\u00f6her und werde Teil unseres Kollektivs. Wir suchen nach erstklassigen Experten in ihren jeweiligen Bereichen \u2013 hast Du das Zeug dazu? <br \/>\r\n<br \/>\r\nErlebe den Adrenalinschub in einem anregenden Umfeld, \u00fcbernimm spannende Projekte, die Deine Komfortzone erweitern werden, und profitiere von umfangreichen Schulungen und unterst\u00fctzenden Teamkollegen, die Dir helfen, immer einen Schritt voraus zu sein.<br \/>\r\n<br \/>\r\nUnsere Unternehmen sind st\u00e4ndig auf der Suche nach Spezialisten, die in ihren jeweiligen Bereichen ganz vorne mitspielen. Auch auf Gruppenebene, dem R\u00fcckgrat unserer Organisation, gibt es Karrierem\u00f6glichkeiten f\u00fcr Top-Talente, die darin aufbl\u00fchen, den Motor von Customer Collective reibungslos laufen zu lassen. \n<\/p>\n        \n                  \n\n\n<a class=\"button button_scheme-dark card-image__card-button\" href=\"https:\/\/careers.customercollective.eu\/\" target=\"_blank\">\n      \n\n\n<span class=\"text text_default-400-bold  text_md-500-bold button__label\" >\n  Offene Stellen ansehen\n<\/span>\n  \n      <span class=\"button__icon\">\n      \n<svg class=\"icon \"\n  width=\"16\"\n  height=\"16\"\n  viewbox=\"0 0 16 16\">\n  <use xlink:href=\"#icon-arrow-top-right\"><\/use>\n<\/svg>\n    <\/span>\n  <\/a>\n        \n        <svg class=\"card-image__card-shape\" viewBox=\"0 0 36 84\" fill=\"#C4FC73\" xmlns=\"http:\/\/www.w3.org\/2000\/svg\">\n          <path stroke=\"#C4FC73\" stroke-width=\"1\" d=\"M32.3006 64.4227L15.4924 81.2279C6.81095 70.5882 1.58302 57.002 1.62969 42.1608C1.67643 27.2998 7.28268 13.0858 16.4478 2.36435L33.0851 19.2093C28.154 25.5631 25.1939 33.552 25.1666 42.2348C25.1393 50.9035 27.8084 58.2331 32.3006 64.4227Z\"\/>\n        <\/svg>\n      <\/div>\n    <\/div>\n  <\/div>\n<\/section>\n","protected":false},"excerpt":{"rendered":"","protected":false},"author":1,"featured_media":0,"parent":0,"menu_order":0,"comment_status":"closed","ping_status":"closed","template":"","meta":{"footnotes":""},"class_list":["post-7139","page","type-page","status-publish","hentry"],"acf":[],"yoast_head":"<!-- This site is optimized with the Yoast SEO plugin v20.5 - https:\/\/yoast.com\/wordpress\/plugins\/seo\/ -->\n<title>Das Kollektiv | Customer Collective<\/title>\n<meta name=\"robots\" content=\"index, follow, max-snippet:-1, max-image-preview:large, max-video-preview:-1\" \/>\n<link rel=\"canonical\" href=\"https:\/\/www.customercollective.eu\/de\/das-kollektiv\/\" \/>\n<meta property=\"og:locale\" content=\"de_DE\" \/>\n<meta property=\"og:type\" content=\"article\" \/>\n<meta property=\"og:title\" content=\"Das Kollektiv | Customer Collective\" \/>\n<meta property=\"og:url\" content=\"https:\/\/www.customercollective.eu\/de\/das-kollektiv\/\" \/>\n<meta property=\"og:site_name\" content=\"Customer Collective\" \/>\n<meta property=\"article:modified_time\" content=\"2025-05-14T14:09:32+00:00\" \/>\n<meta name=\"twitter:card\" content=\"summary_large_image\" \/>\n<script type=\"application\/ld+json\" class=\"yoast-schema-graph\">{\"@context\":\"https:\/\/schema.org\",\"@graph\":[{\"@type\":\"WebPage\",\"@id\":\"https:\/\/www.customercollective.eu\/de\/das-kollektiv\/\",\"url\":\"https:\/\/www.customercollective.eu\/de\/das-kollektiv\/\",\"name\":\"Das Kollektiv | Customer Collective\",\"isPartOf\":{\"@id\":\"https:\/\/www.customercollective.eu\/#website\"},\"datePublished\":\"2023-01-27T10:55:11+00:00\",\"dateModified\":\"2025-05-14T14:09:32+00:00\",\"breadcrumb\":{\"@id\":\"https:\/\/www.customercollective.eu\/de\/das-kollektiv\/#breadcrumb\"},\"inLanguage\":\"de-DE\",\"potentialAction\":[{\"@type\":\"ReadAction\",\"target\":[\"https:\/\/www.customercollective.eu\/de\/das-kollektiv\/\"]}]},{\"@type\":\"BreadcrumbList\",\"@id\":\"https:\/\/www.customercollective.eu\/de\/das-kollektiv\/#breadcrumb\",\"itemListElement\":[{\"@type\":\"ListItem\",\"position\":1,\"name\":\"Home\",\"item\":\"https:\/\/www.customercollective.eu\/de\/\"},{\"@type\":\"ListItem\",\"position\":2,\"name\":\"Das Kollektiv\"}]},{\"@type\":\"WebSite\",\"@id\":\"https:\/\/www.customercollective.eu\/#website\",\"url\":\"https:\/\/www.customercollective.eu\/\",\"name\":\"Customer Collective\",\"description\":\"How can we drive your business forward?\",\"potentialAction\":[{\"@type\":\"SearchAction\",\"target\":{\"@type\":\"EntryPoint\",\"urlTemplate\":\"https:\/\/www.customercollective.eu\/?s={search_term_string}\"},\"query-input\":\"required name=search_term_string\"}],\"inLanguage\":\"de-DE\"}]}<\/script>\n<!-- \/ Yoast SEO plugin. -->","yoast_head_json":{"title":"Das Kollektiv | Customer Collective","robots":{"index":"index","follow":"follow","max-snippet":"max-snippet:-1","max-image-preview":"max-image-preview:large","max-video-preview":"max-video-preview:-1"},"canonical":"https:\/\/www.customercollective.eu\/de\/das-kollektiv\/","og_locale":"de_DE","og_type":"article","og_title":"Das Kollektiv | Customer Collective","og_url":"https:\/\/www.customercollective.eu\/de\/das-kollektiv\/","og_site_name":"Customer Collective","article_modified_time":"2025-05-14T14:09:32+00:00","twitter_card":"summary_large_image","schema":{"@context":"https:\/\/schema.org","@graph":[{"@type":"WebPage","@id":"https:\/\/www.customercollective.eu\/de\/das-kollektiv\/","url":"https:\/\/www.customercollective.eu\/de\/das-kollektiv\/","name":"Das Kollektiv | Customer Collective","isPartOf":{"@id":"https:\/\/www.customercollective.eu\/#website"},"datePublished":"2023-01-27T10:55:11+00:00","dateModified":"2025-05-14T14:09:32+00:00","breadcrumb":{"@id":"https:\/\/www.customercollective.eu\/de\/das-kollektiv\/#breadcrumb"},"inLanguage":"de-DE","potentialAction":[{"@type":"ReadAction","target":["https:\/\/www.customercollective.eu\/de\/das-kollektiv\/"]}]},{"@type":"BreadcrumbList","@id":"https:\/\/www.customercollective.eu\/de\/das-kollektiv\/#breadcrumb","itemListElement":[{"@type":"ListItem","position":1,"name":"Home","item":"https:\/\/www.customercollective.eu\/de\/"},{"@type":"ListItem","position":2,"name":"Das Kollektiv"}]},{"@type":"WebSite","@id":"https:\/\/www.customercollective.eu\/#website","url":"https:\/\/www.customercollective.eu\/","name":"Customer Collective","description":"How can we drive your business forward?","potentialAction":[{"@type":"SearchAction","target":{"@type":"EntryPoint","urlTemplate":"https:\/\/www.customercollective.eu\/?s={search_term_string}"},"query-input":"required name=search_term_string"}],"inLanguage":"de-DE"}]}},"_links":{"self":[{"href":"https:\/\/www.customercollective.eu\/de\/wp-json\/wp\/v2\/pages\/7139"}],"collection":[{"href":"https:\/\/www.customercollective.eu\/de\/wp-json\/wp\/v2\/pages"}],"about":[{"href":"https:\/\/www.customercollective.eu\/de\/wp-json\/wp\/v2\/types\/page"}],"author":[{"embeddable":true,"href":"https:\/\/www.customercollective.eu\/de\/wp-json\/wp\/v2\/users\/1"}],"replies":[{"embeddable":true,"href":"https:\/\/www.customercollective.eu\/de\/wp-json\/wp\/v2\/comments?post=7139"}],"version-history":[{"count":5,"href":"https:\/\/www.customercollective.eu\/de\/wp-json\/wp\/v2\/pages\/7139\/revisions"}],"predecessor-version":[{"id":7726,"href":"https:\/\/www.customercollective.eu\/de\/wp-json\/wp\/v2\/pages\/7139\/revisions\/7726"}],"wp:attachment":[{"href":"https:\/\/www.customercollective.eu\/de\/wp-json\/wp\/v2\/media?parent=7139"}],"curies":[{"name":"wp","href":"https:\/\/api.w.org\/{rel}","templated":true}]}}