{"id":5377,"date":"2023-04-11T09:04:32","date_gmt":"2023-04-11T07:04:32","guid":{"rendered":"https:\/\/customercollective.eu\/cc-health-marketing\/"},"modified":"2024-10-10T09:29:22","modified_gmt":"2024-10-10T07:29:22","slug":"cc-health-marketing","status":"publish","type":"page","link":"https:\/\/www.customercollective.eu\/de\/cc-health-marketing\/","title":{"rendered":"CC Health Marketing"},"content":{"rendered":"\n\n<section class=\"hero hero_variant-complex\" id=\"block_643945f467524\" data-hero>\n      <div class=\"hero__background\" style=\"--hero-background: url('https:\/\/www.customercollective.eu\/wp-content\/uploads\/2023\/04\/analysis-2030265_960_720.jpg')\"><\/div>\n  \n  <div class=\"hero__inner\">\n    <div class=\"hero__header\">\n      <svg class=\"hero__header-shape before\" width=\"151\" height=\"356\" viewBox=\"0 0 151 356\" fill=\"none\" xmlns=\"http:\/\/www.w3.org\/2000\/svg\">\n        <path d=\"M144.962 274.32L66.7915 352.341C26.821 305.798 2.5 245.497 2.49999 179.383C2.49999 113.241 28.096 50.0057 69.8903 2.98822L147.798 80.7465C125.819 107.639 112.587 141.974 112.587 179.383C112.587 216.774 124.725 248.062 144.962 274.32Z\" stroke=\"#C4FC73\" stroke-width=\"4\"\/>\n      <\/svg>\n\n      \n              <div class=\"hero__header-heading\">\n          \n          <div class=\"hero__header-heading-content\">\n            \n            \n<h2 class=\"heading heading_h2 hero__header-title\">\n  Health Marketing Blog\n<\/h2>\n\n                      <\/div>\n        <\/div>\n      \n      \n              \n\n\n<p class=\"text text_default-400  text_md-500 hero__header-description\" >\n  Bei Customer Collective Health kombinieren wir unser Fachwissen im Gesundheitswese mit unserer branchen\u00fcbergreifenden Erfahrung. Unser Ziel? Strategische Impulse f\u00fcr die Verbesserung von Marketing- und Vertriebsma\u00dfnahmen in der Healthcare-Branche.   Lassen Sie sich von unseren Blogbeitr\u00e4gen inspirieren.\n<\/p>\n      \n      <svg class=\"hero__header-shape after\" width=\"151\" height=\"356\" viewBox=\"0 0 151 356\" fill=\"none\" xmlns=\"http:\/\/www.w3.org\/2000\/svg\">\n        <path d=\"M6.03822 81.0431L84.2085 3.02277C124.179 49.5654 148.5 109.866 148.5 175.98C148.5 242.123 122.904 305.358 81.1096 352.375L3.20194 274.617C25.1806 247.724 38.413 213.389 38.413 175.98C38.413 138.59 26.2752 107.301 6.03822 81.0431Z\" stroke=\"#C4FC73\" stroke-width=\"4\"\/>\n      <\/svg>\n    <\/div>\n\n      <\/div>\n<\/section>\n\n\n\n<section class=\"scn\" id=\"\">\n  <div class=\"scn__container\" data-scn>\n    <div class=\"scn__spinner\" data-scn-spinner>\n      <div class=\"spinner\"><div><\/div><div><\/div><div><\/div><div><\/div><\/div>\n    <\/div>\n\n    <div class=\"scn__categories\">\n              <span class=\"scn-category active\" data-category-id=\"22\">Health<\/span>\n          <\/div>\n\n    <div class=\"scn__content\" data-scn-content>\n      <div class=\"scn__items\">\n            No posts found\n    <\/div>\n\n    <\/div>\n  <\/div>\n<\/section>\n\n\n\n\n<section class=\"card-image card-image_scheme-dark-blue card-image_orientation-left\" id=\"block_645cbe4a822b5\">\n  <div class=\"card-image__inner\">\n    \n\n<figure class=\"image image_fit-cover card-image__image\"\n  style=\"--aspect-ratio: 1\">\n  <img decoding=\"async\" src=\"https:\/\/www.customercollective.eu\/wp-content\/uploads\/2023\/05\/Bert-Van-Eeckhoudt-1.jpg\" alt=\"\" \/>\n<\/figure>\n\n    <div class=\"card-image__card\">\n      <div class=\"card-image__card-inner\">\n        \n                  \n<h3 class=\"heading heading_h3 card-image__card-title\">\n  Lassen Sie uns reden<span>!<\/span>\n<\/h3>\n        \n                  \n\n\n<p class=\"text text_default-500-bold card-image__card-label\" >\n  Bert Van Eeckhoudt\n<\/p>\n        \n                  \n\n\n<p class=\"text text_default-500 card-image__card-description\" >\n  Gr\u00fcnder CC Health &amp;<br \/>\r\nSenior Manager Healthcare\n<\/p>\n        \n                  \n\n\n<a class=\"button button_scheme-light card-image__card-button\" href=\"mailto:marketing@thom.eu\" target=\"\">\n      \n\n\n<span class=\"text text_default-400-bold  text_md-500-bold button__label\" >\n  Kontaktiere uns\n<\/span>\n  \n      <span class=\"button__icon\">\n      \n<svg class=\"icon \"\n  width=\"16\"\n  height=\"16\"\n  viewbox=\"0 0 16 16\">\n  <use xlink:href=\"#icon-arrow-top-right\"><\/use>\n<\/svg>\n    <\/span>\n  <\/a>\n        \n        <svg class=\"card-image__card-shape\" viewBox=\"0 0 36 84\" fill=\"#C4FC73\" xmlns=\"http:\/\/www.w3.org\/2000\/svg\">\n          <path stroke=\"#C4FC73\" stroke-width=\"1\" d=\"M32.3006 64.4227L15.4924 81.2279C6.81095 70.5882 1.58302 57.002 1.62969 42.1608C1.67643 27.2998 7.28268 13.0858 16.4478 2.36435L33.0851 19.2093C28.154 25.5631 25.1939 33.552 25.1666 42.2348C25.1393 50.9035 27.8084 58.2331 32.3006 64.4227Z\"\/>\n        <\/svg>\n      <\/div>\n    <\/div>\n  <\/div>\n<\/section>\n\n\n\n\n<section class=\"card-image card-image_scheme-white card-image_orientation-right\" id=\"block_64773733ed3d4\">\n  <div class=\"card-image__inner\">\n    \n\n<figure class=\"image image_fit-cover card-image__image\"\n  style=\"--aspect-ratio: 1\">\n  <img decoding=\"async\" src=\"https:\/\/www.customercollective.eu\/wp-content\/uploads\/2023\/05\/Our-people-block-e1684994165807.png\" alt=\"\" \/>\n<\/figure>\n\n    <div class=\"card-image__card\">\n      <div class=\"card-image__card-inner\">\n        \n                  \n<h3 class=\"heading heading_h3 card-image__card-title\">\n  CC Health ist Teil der Customer Collective Gruppe<span>.<\/span>\n<\/h3>\n        \n        \n                  \n\n\n<p class=\"text text_default-500 card-image__card-description\" >\n  Als f\u00fchrendes europ\u00e4isches Marketingkollektiv versorgt Customer Collective ambitionierte Unternehmen mit State-of-the-Art Marketingl\u00f6sungen. <br \/>\r\n<br \/>\r\nDie Gruppe bietet aus einer Hand Expertise in den f\u00fcnf Bereichen, die f\u00fcr den Gesch\u00e4ftserfolg entscheidend sind: Kundenstrategie, Digital, Technologie, Daten und Kreation &amp; Performance. <br \/>\r\n <br \/>\r\n<br \/>\r\nDurch die Zusammenstellung von engagierten, multidisziplin\u00e4ren Teams aus allen Mitgliedsunternehmen, <br \/>\r\nmeistert Customer Collective jede Marketingherausforderung mit unbedingtem Fokus und perfekter Koordination, <br \/>\r\nund liefert erstklassige Ergebnisse f\u00fcr Unternehmen in Belgien, den Niederlanden und Deutschland.<br \/>\r\n<br \/>\r\nZu Customer Collective geh\u00f6ren addData, Ancor&#8217;d, Dignify, EnoRm, Fightclub, flowresulting, SalesX, The House of Marketing, Upthrust und Webworks.\n<\/p>\n        \n                  \n\n\n<a class=\"button button_scheme-dark card-image__card-button\" href=\"https:\/\/www.customercollective.eu\/de\/\" target=\"\">\n      \n\n\n<span class=\"text text_default-400-bold  text_md-500-bold button__label\" >\n  Entdecken.\n<\/span>\n  \n      <span class=\"button__icon\">\n      \n<svg class=\"icon \"\n  width=\"16\"\n  height=\"16\"\n  viewbox=\"0 0 16 16\">\n  <use xlink:href=\"#icon-arrow-top-right\"><\/use>\n<\/svg>\n    <\/span>\n  <\/a>\n        \n        <svg class=\"card-image__card-shape\" viewBox=\"0 0 36 84\" fill=\"#C4FC73\" xmlns=\"http:\/\/www.w3.org\/2000\/svg\">\n          <path stroke=\"#C4FC73\" stroke-width=\"1\" d=\"M32.3006 64.4227L15.4924 81.2279C6.81095 70.5882 1.58302 57.002 1.62969 42.1608C1.67643 27.2998 7.28268 13.0858 16.4478 2.36435L33.0851 19.2093C28.154 25.5631 25.1939 33.552 25.1666 42.2348C25.1393 50.9035 27.8084 58.2331 32.3006 64.4227Z\"\/>\n        <\/svg>\n      <\/div>\n    <\/div>\n  <\/div>\n<\/section>\n","protected":false},"excerpt":{"rendered":"","protected":false},"author":8,"featured_media":4729,"parent":0,"menu_order":0,"comment_status":"closed","ping_status":"closed","template":"templates\/health-marketing-blog.php","meta":{"footnotes":""},"class_list":["post-5377","page","type-page","status-publish","has-post-thumbnail","hentry"],"acf":[],"yoast_head":"<!-- This site is optimized with the Yoast SEO plugin v20.5 - https:\/\/yoast.com\/wordpress\/plugins\/seo\/ -->\n<title>CC Health Marketing | Customer Collective<\/title>\n<meta name=\"robots\" content=\"index, follow, max-snippet:-1, max-image-preview:large, max-video-preview:-1\" \/>\n<link rel=\"canonical\" href=\"https:\/\/www.customercollective.eu\/de\/cc-health-marketing\/\" \/>\n<meta property=\"og:locale\" content=\"de_DE\" \/>\n<meta property=\"og:type\" content=\"article\" \/>\n<meta property=\"og:title\" content=\"CC Health Marketing | Customer Collective\" \/>\n<meta property=\"og:url\" content=\"https:\/\/www.customercollective.eu\/de\/cc-health-marketing\/\" \/>\n<meta property=\"og:site_name\" content=\"Customer Collective\" \/>\n<meta property=\"article:modified_time\" content=\"2024-10-10T07:29:22+00:00\" \/>\n<meta property=\"og:image\" content=\"https:\/\/www.customercollective.eu\/wp-content\/uploads\/2023\/06\/national-cancer-institute-KrsoedfRAf4-unsplash.jpg\" \/>\n\t<meta property=\"og:image:width\" content=\"1024\" \/>\n\t<meta property=\"og:image:height\" content=\"667\" \/>\n\t<meta property=\"og:image:type\" content=\"image\/jpeg\" \/>\n<meta name=\"twitter:card\" content=\"summary_large_image\" \/>\n<script type=\"application\/ld+json\" class=\"yoast-schema-graph\">{\"@context\":\"https:\/\/schema.org\",\"@graph\":[{\"@type\":\"WebPage\",\"@id\":\"https:\/\/www.customercollective.eu\/de\/cc-health-marketing\/\",\"url\":\"https:\/\/www.customercollective.eu\/de\/cc-health-marketing\/\",\"name\":\"CC Health Marketing | Customer Collective\",\"isPartOf\":{\"@id\":\"https:\/\/www.customercollective.eu\/#website\"},\"datePublished\":\"2023-04-11T07:04:32+00:00\",\"dateModified\":\"2024-10-10T07:29:22+00:00\",\"breadcrumb\":{\"@id\":\"https:\/\/www.customercollective.eu\/de\/cc-health-marketing\/#breadcrumb\"},\"inLanguage\":\"de-DE\",\"potentialAction\":[{\"@type\":\"ReadAction\",\"target\":[\"https:\/\/www.customercollective.eu\/de\/cc-health-marketing\/\"]}]},{\"@type\":\"BreadcrumbList\",\"@id\":\"https:\/\/www.customercollective.eu\/de\/cc-health-marketing\/#breadcrumb\",\"itemListElement\":[{\"@type\":\"ListItem\",\"position\":1,\"name\":\"Home\",\"item\":\"https:\/\/www.customercollective.eu\/de\/\"},{\"@type\":\"ListItem\",\"position\":2,\"name\":\"CC Health Marketing\"}]},{\"@type\":\"WebSite\",\"@id\":\"https:\/\/www.customercollective.eu\/#website\",\"url\":\"https:\/\/www.customercollective.eu\/\",\"name\":\"Customer Collective\",\"description\":\"How can we drive your business forward?\",\"potentialAction\":[{\"@type\":\"SearchAction\",\"target\":{\"@type\":\"EntryPoint\",\"urlTemplate\":\"https:\/\/www.customercollective.eu\/?s={search_term_string}\"},\"query-input\":\"required name=search_term_string\"}],\"inLanguage\":\"de-DE\"}]}<\/script>\n<!-- \/ Yoast SEO plugin. -->","yoast_head_json":{"title":"CC Health Marketing | Customer Collective","robots":{"index":"index","follow":"follow","max-snippet":"max-snippet:-1","max-image-preview":"max-image-preview:large","max-video-preview":"max-video-preview:-1"},"canonical":"https:\/\/www.customercollective.eu\/de\/cc-health-marketing\/","og_locale":"de_DE","og_type":"article","og_title":"CC Health Marketing | Customer Collective","og_url":"https:\/\/www.customercollective.eu\/de\/cc-health-marketing\/","og_site_name":"Customer Collective","article_modified_time":"2024-10-10T07:29:22+00:00","og_image":[{"url":"https:\/\/www.customercollective.eu\/wp-content\/uploads\/2023\/06\/national-cancer-institute-KrsoedfRAf4-unsplash.jpg","width":1024,"height":667,"type":"image\/jpeg"}],"twitter_card":"summary_large_image","schema":{"@context":"https:\/\/schema.org","@graph":[{"@type":"WebPage","@id":"https:\/\/www.customercollective.eu\/de\/cc-health-marketing\/","url":"https:\/\/www.customercollective.eu\/de\/cc-health-marketing\/","name":"CC Health Marketing | Customer Collective","isPartOf":{"@id":"https:\/\/www.customercollective.eu\/#website"},"datePublished":"2023-04-11T07:04:32+00:00","dateModified":"2024-10-10T07:29:22+00:00","breadcrumb":{"@id":"https:\/\/www.customercollective.eu\/de\/cc-health-marketing\/#breadcrumb"},"inLanguage":"de-DE","potentialAction":[{"@type":"ReadAction","target":["https:\/\/www.customercollective.eu\/de\/cc-health-marketing\/"]}]},{"@type":"BreadcrumbList","@id":"https:\/\/www.customercollective.eu\/de\/cc-health-marketing\/#breadcrumb","itemListElement":[{"@type":"ListItem","position":1,"name":"Home","item":"https:\/\/www.customercollective.eu\/de\/"},{"@type":"ListItem","position":2,"name":"CC Health Marketing"}]},{"@type":"WebSite","@id":"https:\/\/www.customercollective.eu\/#website","url":"https:\/\/www.customercollective.eu\/","name":"Customer Collective","description":"How can we drive your business forward?","potentialAction":[{"@type":"SearchAction","target":{"@type":"EntryPoint","urlTemplate":"https:\/\/www.customercollective.eu\/?s={search_term_string}"},"query-input":"required name=search_term_string"}],"inLanguage":"de-DE"}]}},"_links":{"self":[{"href":"https:\/\/www.customercollective.eu\/de\/wp-json\/wp\/v2\/pages\/5377"}],"collection":[{"href":"https:\/\/www.customercollective.eu\/de\/wp-json\/wp\/v2\/pages"}],"about":[{"href":"https:\/\/www.customercollective.eu\/de\/wp-json\/wp\/v2\/types\/page"}],"author":[{"embeddable":true,"href":"https:\/\/www.customercollective.eu\/de\/wp-json\/wp\/v2\/users\/8"}],"replies":[{"embeddable":true,"href":"https:\/\/www.customercollective.eu\/de\/wp-json\/wp\/v2\/comments?post=5377"}],"version-history":[{"count":7,"href":"https:\/\/www.customercollective.eu\/de\/wp-json\/wp\/v2\/pages\/5377\/revisions"}],"predecessor-version":[{"id":6928,"href":"https:\/\/www.customercollective.eu\/de\/wp-json\/wp\/v2\/pages\/5377\/revisions\/6928"}],"wp:featuredmedia":[{"embeddable":true,"href":"https:\/\/www.customercollective.eu\/de\/wp-json\/wp\/v2\/media\/4729"}],"wp:attachment":[{"href":"https:\/\/www.customercollective.eu\/de\/wp-json\/wp\/v2\/media?parent=5377"}],"curies":[{"name":"wp","href":"https:\/\/api.w.org\/{rel}","templated":true}]}}