{"id":5372,"date":"2023-03-13T10:30:54","date_gmt":"2023-03-13T09:30:54","guid":{"rendered":"https:\/\/customercollective.eu\/datenschutz\/"},"modified":"2024-10-21T19:49:19","modified_gmt":"2024-10-21T17:49:19","slug":"datenschutz","status":"publish","type":"page","link":"https:\/\/www.customercollective.eu\/de\/datenschutz\/","title":{"rendered":"Datenschutz"},"content":{"rendered":"\n\n<section class=\"hero hero_variant-complex\" id=\"block_640efa4e266d3\" data-hero>\n      <div class=\"hero__background\" style=\"--hero-background: url('https:\/\/www.customercollective.eu\/wp-content\/uploads\/2023\/02\/Customer-Collective-main-image-f1_FullLogos_Gradient-e1683612479218.png')\"><\/div>\n  \n  <div class=\"hero__inner\">\n    <div class=\"hero__header\">\n      <svg class=\"hero__header-shape before\" width=\"151\" height=\"356\" viewBox=\"0 0 151 356\" fill=\"none\" xmlns=\"http:\/\/www.w3.org\/2000\/svg\">\n        <path d=\"M144.962 274.32L66.7915 352.341C26.821 305.798 2.5 245.497 2.49999 179.383C2.49999 113.241 28.096 50.0057 69.8903 2.98822L147.798 80.7465C125.819 107.639 112.587 141.974 112.587 179.383C112.587 216.774 124.725 248.062 144.962 274.32Z\" stroke=\"#C4FC73\" stroke-width=\"4\"\/>\n      <\/svg>\n\n      \n              <div class=\"hero__header-heading\">\n          \n          <div class=\"hero__header-heading-content\">\n            \n            \n<h2 class=\"heading heading_h2 hero__header-title\">\n  Datenschutzerkl\u00e4rung\n<\/h2>\n\n                      <\/div>\n        <\/div>\n      \n      \n      \n      <svg class=\"hero__header-shape after\" width=\"151\" height=\"356\" viewBox=\"0 0 151 356\" fill=\"none\" xmlns=\"http:\/\/www.w3.org\/2000\/svg\">\n        <path d=\"M6.03822 81.0431L84.2085 3.02277C124.179 49.5654 148.5 109.866 148.5 175.98C148.5 242.123 122.904 305.358 81.1096 352.375L3.20194 274.617C25.1806 247.724 38.413 213.389 38.413 175.98C38.413 138.59 26.2752 107.301 6.03822 81.0431Z\" stroke=\"#C4FC73\" stroke-width=\"4\"\/>\n      <\/svg>\n    <\/div>\n\n      <\/div>\n<\/section>\n\n\n\n\n<section class=\"article-paragraph article-paragraph_variant-default article-paragraph_scheme-dark\" id=\"block_640efa8f266d4\">\n  <div class=\"article-paragraph__container\">\n          \n\n\n<div class=\"text text_default-700 article-paragraph__content\" >\n  <p><strong>Umfang<\/strong><\/p>\n<p>In dieser Datenschutzerkl\u00e4rung wird erl\u00e4utert, wie Customer Collective personenbezogene Daten \u00fcber diese Website sammelt und verwendet.<\/p>\n<p>Identit\u00e4t und Kontaktdaten des f\u00fcr die Verarbeitung Verantwortlichen und des DSB<\/p>\n<p>&nbsp;<\/p>\n<p><strong>Datenschutzbeauftragter:<\/strong><\/p>\n<p>Kontakt Datenschutzbeauftragter (DSB): <a href=\"mailto:dpo@customercollective.eu\">dpo@customercollective.eu<\/a><\/p>\n<p>&nbsp;<\/p>\n<p><strong>Zielsetzung und Rechtsgrundlage<\/strong><\/p>\n<p>Wenn Sie Ihre pers\u00f6nlichen Daten (E-Mail-Adresse und optional Name, Vorname und Firma) \u00fcber die Website zur Verf\u00fcgung stellen, wird Customer Collective diese \u00fcber unsere Dienstleistungen verarbeiten. Customer Collective verarbeitet diese Daten auf der Grundlage Ihrer Zustimmung.<\/p>\n<p>&nbsp;<\/p>\n<p><strong>Empf\u00e4nger Ihrer Daten<\/strong><\/p>\n<p>Customer Collective \u00fcbermittelt Ihre personenbezogenen Daten gegebenenfalls an die folgenden Kategorien von Empf\u00e4ngern:<\/p>\n<ul>\n<li>Unternehmen, die personenbezogene Daten im Namen und im Auftrag des Kundenkollektivs verarbeiten (auch als &#8220;Auftragsverarbeiter&#8221; bezeichnet); Zum Beispiel: IT-Dienstleister,<\/li>\n<li>Regierungs- und Justizbeh\u00f6rden, wenn eine gesetzliche Verpflichtung dazu besteht.<\/li>\n<\/ul>\n<p>&nbsp;<\/p>\n<p><strong>Aufbewahrung Ihrer Daten<\/strong><\/p>\n<p>Customer Collective bewahrt Ihre Daten auf, bis Sie sich abmelden.<\/p>\n<p>&nbsp;<\/p>\n<p><strong>Verwendung von Cookies<\/strong><\/p>\n<p>Die Website von Customer Collective verwendet auch Cookies, kleine Informationen, die wir \u00fcbertragen oder sammeln und auf der Festplatte Ihres Ger\u00e4ts (z. B. Ihres Computers) speichern.<br \/>\nWeitere Informationen finden Sie in unserem <a href=\"https:\/\/www.customercollective.eu\/de\/cookie-richtlinie\/\">Cookie Statement.<\/a><\/p>\n<p>&nbsp;<\/p>\n<p><strong>Rechte als betroffene Person<\/strong><\/p>\n<p>Unter den Bedingungen und Modalit\u00e4ten, die das geltende Recht vorsieht, k\u00f6nnen Sie sich an das Kundenkollektiv wenden, um die folgenden Rechte auszu\u00fcben: Sie haben jederzeit das Recht auf Einsichtnahme in die Daten, die das Customer Collective \u00fcber Sie verarbeitet, sowie auf Berichtigung oder L\u00f6schung unrichtiger oder unvollst\u00e4ndiger Daten. Sie k\u00f6nnen der Verarbeitung widersprechen. Alle elektronischen Mitteilungen, die Sie von Customer Collective erhalten, enthalten immer eine Opt-out-M\u00f6glichkeit, mit der Sie Ihre Zustimmung zur\u00fcckziehen k\u00f6nnen. Sie haben ein Recht auf Daten\u00fcbermittlung.<\/p>\n<p>&nbsp;<\/p>\n<p>Sie k\u00f6nnen Ihren Antrag auf Aus\u00fcbung Ihrer Rechte an <a href=\"mailto:dpo@customercollective.eu\">dpo@customercollective.eu<\/a> senden.<\/p>\n<p>Sie haben auch das Recht, eine Beschwerde bei der belgischen Datenschutzbeh\u00f6rde einzureichen (<a href=\"https:\/\/www.dataprotectionauthority.be\/citizen\" target=\"_blank\" rel=\"noopener\">https:\/\/www.dataprotectionauthority.be\/citizen<\/a> ).<\/p>\n<p>&nbsp;<\/p>\n<p>&nbsp;<\/p>\n\n<\/div>\n      <\/div>\n<\/section>\n","protected":false},"excerpt":{"rendered":"","protected":false},"author":1,"featured_media":0,"parent":0,"menu_order":0,"comment_status":"closed","ping_status":"closed","template":"","meta":{"footnotes":""},"class_list":["post-5372","page","type-page","status-publish","hentry"],"acf":[],"yoast_head":"<!-- This site is optimized with the Yoast SEO plugin v20.5 - https:\/\/yoast.com\/wordpress\/plugins\/seo\/ -->\n<title>Datenschutz | Customer Collective<\/title>\n<meta name=\"robots\" content=\"index, follow, max-snippet:-1, max-image-preview:large, max-video-preview:-1\" \/>\n<link rel=\"canonical\" href=\"https:\/\/www.customercollective.eu\/de\/datenschutz\/\" \/>\n<meta property=\"og:locale\" content=\"de_DE\" \/>\n<meta property=\"og:type\" content=\"article\" \/>\n<meta property=\"og:title\" content=\"Datenschutz | Customer Collective\" \/>\n<meta property=\"og:url\" content=\"https:\/\/www.customercollective.eu\/de\/datenschutz\/\" \/>\n<meta property=\"og:site_name\" content=\"Customer Collective\" \/>\n<meta property=\"article:modified_time\" content=\"2024-10-21T17:49:19+00:00\" \/>\n<meta name=\"twitter:card\" content=\"summary_large_image\" \/>\n<script type=\"application\/ld+json\" class=\"yoast-schema-graph\">{\"@context\":\"https:\/\/schema.org\",\"@graph\":[{\"@type\":\"WebPage\",\"@id\":\"https:\/\/www.customercollective.eu\/de\/datenschutz\/\",\"url\":\"https:\/\/www.customercollective.eu\/de\/datenschutz\/\",\"name\":\"Datenschutz | Customer Collective\",\"isPartOf\":{\"@id\":\"https:\/\/www.customercollective.eu\/#website\"},\"datePublished\":\"2023-03-13T09:30:54+00:00\",\"dateModified\":\"2024-10-21T17:49:19+00:00\",\"breadcrumb\":{\"@id\":\"https:\/\/www.customercollective.eu\/de\/datenschutz\/#breadcrumb\"},\"inLanguage\":\"de-DE\",\"potentialAction\":[{\"@type\":\"ReadAction\",\"target\":[\"https:\/\/www.customercollective.eu\/de\/datenschutz\/\"]}]},{\"@type\":\"BreadcrumbList\",\"@id\":\"https:\/\/www.customercollective.eu\/de\/datenschutz\/#breadcrumb\",\"itemListElement\":[{\"@type\":\"ListItem\",\"position\":1,\"name\":\"Home\",\"item\":\"https:\/\/www.customercollective.eu\/de\/\"},{\"@type\":\"ListItem\",\"position\":2,\"name\":\"Datenschutz\"}]},{\"@type\":\"WebSite\",\"@id\":\"https:\/\/www.customercollective.eu\/#website\",\"url\":\"https:\/\/www.customercollective.eu\/\",\"name\":\"Customer Collective\",\"description\":\"How can we drive your business forward?\",\"potentialAction\":[{\"@type\":\"SearchAction\",\"target\":{\"@type\":\"EntryPoint\",\"urlTemplate\":\"https:\/\/www.customercollective.eu\/?s={search_term_string}\"},\"query-input\":\"required name=search_term_string\"}],\"inLanguage\":\"de-DE\"}]}<\/script>\n<!-- \/ Yoast SEO plugin. -->","yoast_head_json":{"title":"Datenschutz | Customer Collective","robots":{"index":"index","follow":"follow","max-snippet":"max-snippet:-1","max-image-preview":"max-image-preview:large","max-video-preview":"max-video-preview:-1"},"canonical":"https:\/\/www.customercollective.eu\/de\/datenschutz\/","og_locale":"de_DE","og_type":"article","og_title":"Datenschutz | Customer Collective","og_url":"https:\/\/www.customercollective.eu\/de\/datenschutz\/","og_site_name":"Customer Collective","article_modified_time":"2024-10-21T17:49:19+00:00","twitter_card":"summary_large_image","schema":{"@context":"https:\/\/schema.org","@graph":[{"@type":"WebPage","@id":"https:\/\/www.customercollective.eu\/de\/datenschutz\/","url":"https:\/\/www.customercollective.eu\/de\/datenschutz\/","name":"Datenschutz | Customer Collective","isPartOf":{"@id":"https:\/\/www.customercollective.eu\/#website"},"datePublished":"2023-03-13T09:30:54+00:00","dateModified":"2024-10-21T17:49:19+00:00","breadcrumb":{"@id":"https:\/\/www.customercollective.eu\/de\/datenschutz\/#breadcrumb"},"inLanguage":"de-DE","potentialAction":[{"@type":"ReadAction","target":["https:\/\/www.customercollective.eu\/de\/datenschutz\/"]}]},{"@type":"BreadcrumbList","@id":"https:\/\/www.customercollective.eu\/de\/datenschutz\/#breadcrumb","itemListElement":[{"@type":"ListItem","position":1,"name":"Home","item":"https:\/\/www.customercollective.eu\/de\/"},{"@type":"ListItem","position":2,"name":"Datenschutz"}]},{"@type":"WebSite","@id":"https:\/\/www.customercollective.eu\/#website","url":"https:\/\/www.customercollective.eu\/","name":"Customer Collective","description":"How can we drive your business forward?","potentialAction":[{"@type":"SearchAction","target":{"@type":"EntryPoint","urlTemplate":"https:\/\/www.customercollective.eu\/?s={search_term_string}"},"query-input":"required name=search_term_string"}],"inLanguage":"de-DE"}]}},"_links":{"self":[{"href":"https:\/\/www.customercollective.eu\/de\/wp-json\/wp\/v2\/pages\/5372"}],"collection":[{"href":"https:\/\/www.customercollective.eu\/de\/wp-json\/wp\/v2\/pages"}],"about":[{"href":"https:\/\/www.customercollective.eu\/de\/wp-json\/wp\/v2\/types\/page"}],"author":[{"embeddable":true,"href":"https:\/\/www.customercollective.eu\/de\/wp-json\/wp\/v2\/users\/1"}],"replies":[{"embeddable":true,"href":"https:\/\/www.customercollective.eu\/de\/wp-json\/wp\/v2\/comments?post=5372"}],"version-history":[{"count":5,"href":"https:\/\/www.customercollective.eu\/de\/wp-json\/wp\/v2\/pages\/5372\/revisions"}],"predecessor-version":[{"id":6957,"href":"https:\/\/www.customercollective.eu\/de\/wp-json\/wp\/v2\/pages\/5372\/revisions\/6957"}],"wp:attachment":[{"href":"https:\/\/www.customercollective.eu\/de\/wp-json\/wp\/v2\/media?parent=5372"}],"curies":[{"name":"wp","href":"https:\/\/api.w.org\/{rel}","templated":true}]}}