{"id":5370,"date":"2023-03-13T11:04:08","date_gmt":"2023-03-13T10:04:08","guid":{"rendered":"https:\/\/customercollective.eu\/cookie-richtlinie\/"},"modified":"2023-10-02T15:52:55","modified_gmt":"2023-10-02T14:52:55","slug":"cookie-richtlinie","status":"publish","type":"page","link":"https:\/\/www.customercollective.eu\/de\/cookie-richtlinie\/","title":{"rendered":"Cookie Richtlinie"},"content":{"rendered":"\n\n<section class=\"hero hero_variant-complex\" id=\"block_640f02d7c9b42\" data-hero>\n      <div class=\"hero__background\" style=\"--hero-background: url('https:\/\/www.customercollective.eu\/wp-content\/uploads\/2023\/02\/Customer-Collective-main-image-f1_FullLogos_Gradient-e1683612479218.png')\"><\/div>\n  \n  <div class=\"hero__inner\">\n    <div class=\"hero__header\">\n      <svg class=\"hero__header-shape before\" width=\"151\" height=\"356\" viewBox=\"0 0 151 356\" fill=\"none\" xmlns=\"http:\/\/www.w3.org\/2000\/svg\">\n        <path d=\"M144.962 274.32L66.7915 352.341C26.821 305.798 2.5 245.497 2.49999 179.383C2.49999 113.241 28.096 50.0057 69.8903 2.98822L147.798 80.7465C125.819 107.639 112.587 141.974 112.587 179.383C112.587 216.774 124.725 248.062 144.962 274.32Z\" stroke=\"#C4FC73\" stroke-width=\"4\"\/>\n      <\/svg>\n\n      \n              <div class=\"hero__header-heading\">\n          \n          <div class=\"hero__header-heading-content\">\n            \n            \n<h2 class=\"heading heading_h2 hero__header-title\">\n  Cookie-Erkl\u00e4rung\n<\/h2>\n\n                      <\/div>\n        <\/div>\n      \n      \n      \n      <svg class=\"hero__header-shape after\" width=\"151\" height=\"356\" viewBox=\"0 0 151 356\" fill=\"none\" xmlns=\"http:\/\/www.w3.org\/2000\/svg\">\n        <path d=\"M6.03822 81.0431L84.2085 3.02277C124.179 49.5654 148.5 109.866 148.5 175.98C148.5 242.123 122.904 305.358 81.1096 352.375L3.20194 274.617C25.1806 247.724 38.413 213.389 38.413 175.98C38.413 138.59 26.2752 107.301 6.03822 81.0431Z\" stroke=\"#C4FC73\" stroke-width=\"4\"\/>\n      <\/svg>\n    <\/div>\n\n      <\/div>\n<\/section>\n\n\n<section class=\"article-paragraph article-paragraph_variant-default article-paragraph_scheme-dark\" id=\"block_640f02f0c9b43\">\n  <div class=\"article-paragraph__container\">\n          \n\n\n<div class=\"text text_default-700 article-paragraph__content\" >\n  <p><strong>Cookie-Erkl\u00e4rung<\/strong><\/p>\n<p>Version vom 10.03.2023<\/p>\n<p>&nbsp;<\/p>\n<p><strong>1. Anwendungsbereich<\/strong><\/p>\n<p>Diese Cookie-Richtlinie erkl\u00e4rt, wie Customer Collective Cookies und \u00e4hnliche Technologien auf der Customer Collective Website (URL einf\u00fcgen) verwendet.<\/p>\n<p>Customer Collective kann die Informationen in dieser Cookie-Richtlinie von Zeit zu Zeit \u00e4ndern. F\u00fcr die Nutzung der Website von Customer Collective gilt nur die neueste Version. Diese Version wurde ver\u00f6ffentlicht auf [April 30th 2023].<\/p>\n<p>&nbsp;<\/p>\n<p><strong>2. Was sind Cookies?<\/strong><\/p>\n<p>Der Einfachheit halber bezeichnen wir Cookies und \u00e4hnliche Technologien einfach als &#8220;Cookies&#8221;. Darunter verstehen wir die folgenden Komponenten:<\/p>\n<p><strong>Cookies<\/strong> sind kleine Dateien, die im Browser Ihres Computers, Smartphones oder anderen Ger\u00e4ts (im Folgenden kurz &#8220;Ger\u00e4t&#8221; genannt) platziert und ausgelesen werden, wenn Sie diese Website nutzen.<\/p>\n<p>Cookies sind manchmal tempor\u00e4r (sogenannte <strong>&#8216;Session Cookies&#8217;<\/strong>), die nach dem Schlie\u00dfen des Browsers gel\u00f6scht werden; Andere Cookies bleiben vorhanden, bis sie ablaufen oder bis Sie sie l\u00f6schen (sogenannte <strong>&#8216;Permanente Cookies&#8217;<\/strong>) wie diese, um sich daran zu erinnern, dass Sie angemeldet sind.<\/p>\n<p><strong>Tags<\/strong> oder <strong>Pixel<\/strong> sind Synonyme f\u00fcreinander. Es handelt sich dabei jeweils um Codest\u00fccke, die von Ihrem Browser (z. B. Google Chrome, Safari, Internet Explorer) ausgef\u00fchrt werden, wenn Sie diese Website besuchen. Diese Code-Bits k\u00f6nnen bestimmte Daten wie Cookies, Ihre IP-Adresse und andere Informationen \u00fcber Ihr Ger\u00e4t registrieren.<\/p>\n<p>Cookies und Tags k\u00f6nnen von Customer Collective selbst gesetzt werden (sog. <strong>&#8216;First-Party-Cookies&#8217;<\/strong>) oder von Dritten, die Customer Collective f\u00fcr spezifische Unterst\u00fctzung engagiert (<strong>&#8216;Third Party Cookies&#8217;<\/strong>).<\/p>\n<p>&nbsp;<\/p>\n<p><strong>3. Warum verwendet Customer Collective Cookies?<\/strong><\/p>\n<p>Customer Collective verwendet Cookies aus den folgenden Gr\u00fcnden:<\/p>\n<ul>\n<li>&#8220;<strong>Notwendige Cookies<\/strong>&#8220;, damit die Website ordnungsgem\u00e4\u00df funktioniert.<\/li>\n<li>&#8220;<strong>Analyse-Cookies<\/strong>&#8220;, um Statistiken \u00fcber die Nutzung der Website zu sammeln. Solche Statistiken werden \u00fcber viele Nutzer hinweg zusammengefasst und lassen keine R\u00fcckschl\u00fcsse auf einzelne Besucher wie Sie zu.<\/li>\n<\/ul>\n<p>Nachfolgend finden Sie weitere Erl\u00e4uterungen zu den einzelnen Verwendungszwecken.<\/p>\n<p>&nbsp;<\/p>\n<p><strong>3.1 Erforderliche Cookies<\/strong><\/p>\n<p>Diese Cookies sind f\u00fcr die Nutzung dieser Website erforderlich.<\/p>\n<p>&nbsp;<\/p>\n<p><strong>3.2 Analyse Cookies<\/strong><\/p>\n<p>Diese analysieren die Nutzung unserer Websites und Apps. Sie erm\u00f6glichen es uns, die Funktionalit\u00e4t zu verbessern oder Fehler zu erkennen.<\/p>\n<p>&nbsp;<\/p>\n<p><strong>4. Wie kann ich Cookies l\u00f6schen oder deaktivieren?<\/strong><\/p>\n<p>Sie k\u00f6nnen Cookies jederzeit deaktivieren oder l\u00f6schen \u00fcber:<\/p>\n<ul>\n<li>\u00dcber die Cookie-Verwaltung.<\/li>\n<li>\u00dcber Ihre Browsereinstellungen k\u00f6nnen Sie die Installation von Cookies ablehnen oder verwalten. Sie k\u00f6nnen auch bereits installierte Cookies jederzeit von Ihrem Computer oder Ihrem mobilen Ger\u00e4t l\u00f6schen.<\/li>\n<\/ul>\n<p>Weitere Informationen zu den einzelnen Browsertypen finden Sie auch unter den folgenden Links:<\/p>\n<ul>\n<li style=\"font-weight: 400;\" aria-level=\"1\"><a href=\"https:\/\/support.mozilla.org\/en-US\/kb\/clear-cookies-and-site-data-firefox\" target=\"_blank\" rel=\"noopener\"><span style=\"font-weight: 400;\">Firefox<\/span><\/a><\/li>\n<li style=\"font-weight: 400;\" aria-level=\"1\"><a href=\"https:\/\/support.google.com\/chrome\/answer\/95647?hl=en&amp;sjid=17068914256383554275-EU\" target=\"_blank\" rel=\"noopener\"><span style=\"font-weight: 400;\">Chrome<\/span><\/a><\/li>\n<li style=\"font-weight: 400;\" aria-level=\"1\"><a href=\"https:\/\/support.apple.com\/en-ie\/guide\/safari\/sfri11471\/mac\" target=\"_blank\" rel=\"noopener\"><span style=\"font-weight: 400;\">Safari<\/span><\/a><\/li>\n<li style=\"font-weight: 400;\" aria-level=\"1\"><a href=\"https:\/\/support.microsoft.com\/en-us\/windows\/delete-and-manage-cookies-168dab11-0753-043d-7c16-ede5947fc64d\" target=\"_blank\" rel=\"noopener\"><span style=\"font-weight: 400;\">Internet Explorer<\/span><\/a><\/li>\n<\/ul>\n<p>Bitte beachten Sie, dass diese Website m\u00f6glicherweise nicht mehr wie erwartet funktioniert, wenn Sie die Cookies in Ihrem Browser l\u00f6schen oder deaktivieren.<\/p>\n<p>&nbsp;<\/p>\n<p><!-- OptanonCookieDisclosureStart --><\/p>\n<div id=\"ot-sdk-cookie-policy\"><\/div>\n<p><!-- OptanonCookieDisclosureEnd --><\/p>\n\n<\/div>\n      <\/div>\n<\/section>\n","protected":false},"excerpt":{"rendered":"","protected":false},"author":1,"featured_media":0,"parent":0,"menu_order":0,"comment_status":"closed","ping_status":"closed","template":"","meta":{"footnotes":""},"class_list":["post-5370","page","type-page","status-publish","hentry"],"acf":[],"yoast_head":"<!-- This site is optimized with the Yoast SEO plugin v20.5 - https:\/\/yoast.com\/wordpress\/plugins\/seo\/ -->\n<title>Cookie Richtlinie | Customer Collective<\/title>\n<meta name=\"robots\" content=\"index, follow, max-snippet:-1, max-image-preview:large, max-video-preview:-1\" \/>\n<link rel=\"canonical\" href=\"https:\/\/www.customercollective.eu\/de\/cookie-richtlinie\/\" \/>\n<meta property=\"og:locale\" content=\"de_DE\" \/>\n<meta property=\"og:type\" content=\"article\" \/>\n<meta property=\"og:title\" content=\"Cookie Richtlinie | Customer Collective\" \/>\n<meta property=\"og:url\" content=\"https:\/\/www.customercollective.eu\/de\/cookie-richtlinie\/\" \/>\n<meta property=\"og:site_name\" content=\"Customer Collective\" \/>\n<meta property=\"article:modified_time\" content=\"2023-10-02T14:52:55+00:00\" \/>\n<meta name=\"twitter:card\" content=\"summary_large_image\" \/>\n<script type=\"application\/ld+json\" class=\"yoast-schema-graph\">{\"@context\":\"https:\/\/schema.org\",\"@graph\":[{\"@type\":\"WebPage\",\"@id\":\"https:\/\/www.customercollective.eu\/de\/cookie-richtlinie\/\",\"url\":\"https:\/\/www.customercollective.eu\/de\/cookie-richtlinie\/\",\"name\":\"Cookie Richtlinie | Customer Collective\",\"isPartOf\":{\"@id\":\"https:\/\/www.customercollective.eu\/#website\"},\"datePublished\":\"2023-03-13T10:04:08+00:00\",\"dateModified\":\"2023-10-02T14:52:55+00:00\",\"breadcrumb\":{\"@id\":\"https:\/\/www.customercollective.eu\/de\/cookie-richtlinie\/#breadcrumb\"},\"inLanguage\":\"de-DE\",\"potentialAction\":[{\"@type\":\"ReadAction\",\"target\":[\"https:\/\/www.customercollective.eu\/de\/cookie-richtlinie\/\"]}]},{\"@type\":\"BreadcrumbList\",\"@id\":\"https:\/\/www.customercollective.eu\/de\/cookie-richtlinie\/#breadcrumb\",\"itemListElement\":[{\"@type\":\"ListItem\",\"position\":1,\"name\":\"Home\",\"item\":\"https:\/\/www.customercollective.eu\/de\/\"},{\"@type\":\"ListItem\",\"position\":2,\"name\":\"Cookie Richtlinie\"}]},{\"@type\":\"WebSite\",\"@id\":\"https:\/\/www.customercollective.eu\/#website\",\"url\":\"https:\/\/www.customercollective.eu\/\",\"name\":\"Customer Collective\",\"description\":\"How can we drive your business forward?\",\"potentialAction\":[{\"@type\":\"SearchAction\",\"target\":{\"@type\":\"EntryPoint\",\"urlTemplate\":\"https:\/\/www.customercollective.eu\/?s={search_term_string}\"},\"query-input\":\"required name=search_term_string\"}],\"inLanguage\":\"de-DE\"}]}<\/script>\n<!-- \/ Yoast SEO plugin. -->","yoast_head_json":{"title":"Cookie Richtlinie | Customer Collective","robots":{"index":"index","follow":"follow","max-snippet":"max-snippet:-1","max-image-preview":"max-image-preview:large","max-video-preview":"max-video-preview:-1"},"canonical":"https:\/\/www.customercollective.eu\/de\/cookie-richtlinie\/","og_locale":"de_DE","og_type":"article","og_title":"Cookie Richtlinie | Customer Collective","og_url":"https:\/\/www.customercollective.eu\/de\/cookie-richtlinie\/","og_site_name":"Customer Collective","article_modified_time":"2023-10-02T14:52:55+00:00","twitter_card":"summary_large_image","schema":{"@context":"https:\/\/schema.org","@graph":[{"@type":"WebPage","@id":"https:\/\/www.customercollective.eu\/de\/cookie-richtlinie\/","url":"https:\/\/www.customercollective.eu\/de\/cookie-richtlinie\/","name":"Cookie Richtlinie | Customer Collective","isPartOf":{"@id":"https:\/\/www.customercollective.eu\/#website"},"datePublished":"2023-03-13T10:04:08+00:00","dateModified":"2023-10-02T14:52:55+00:00","breadcrumb":{"@id":"https:\/\/www.customercollective.eu\/de\/cookie-richtlinie\/#breadcrumb"},"inLanguage":"de-DE","potentialAction":[{"@type":"ReadAction","target":["https:\/\/www.customercollective.eu\/de\/cookie-richtlinie\/"]}]},{"@type":"BreadcrumbList","@id":"https:\/\/www.customercollective.eu\/de\/cookie-richtlinie\/#breadcrumb","itemListElement":[{"@type":"ListItem","position":1,"name":"Home","item":"https:\/\/www.customercollective.eu\/de\/"},{"@type":"ListItem","position":2,"name":"Cookie Richtlinie"}]},{"@type":"WebSite","@id":"https:\/\/www.customercollective.eu\/#website","url":"https:\/\/www.customercollective.eu\/","name":"Customer Collective","description":"How can we drive your business forward?","potentialAction":[{"@type":"SearchAction","target":{"@type":"EntryPoint","urlTemplate":"https:\/\/www.customercollective.eu\/?s={search_term_string}"},"query-input":"required name=search_term_string"}],"inLanguage":"de-DE"}]}},"_links":{"self":[{"href":"https:\/\/www.customercollective.eu\/de\/wp-json\/wp\/v2\/pages\/5370"}],"collection":[{"href":"https:\/\/www.customercollective.eu\/de\/wp-json\/wp\/v2\/pages"}],"about":[{"href":"https:\/\/www.customercollective.eu\/de\/wp-json\/wp\/v2\/types\/page"}],"author":[{"embeddable":true,"href":"https:\/\/www.customercollective.eu\/de\/wp-json\/wp\/v2\/users\/1"}],"replies":[{"embeddable":true,"href":"https:\/\/www.customercollective.eu\/de\/wp-json\/wp\/v2\/comments?post=5370"}],"version-history":[{"count":2,"href":"https:\/\/www.customercollective.eu\/de\/wp-json\/wp\/v2\/pages\/5370\/revisions"}],"predecessor-version":[{"id":5384,"href":"https:\/\/www.customercollective.eu\/de\/wp-json\/wp\/v2\/pages\/5370\/revisions\/5384"}],"wp:attachment":[{"href":"https:\/\/www.customercollective.eu\/de\/wp-json\/wp\/v2\/media?parent=5370"}],"curies":[{"name":"wp","href":"https:\/\/api.w.org\/{rel}","templated":true}]}}