{"id":5368,"date":"2023-04-17T11:21:23","date_gmt":"2023-04-17T09:21:23","guid":{"rendered":"https:\/\/customercollective.eu\/impressum\/"},"modified":"2023-10-02T15:22:39","modified_gmt":"2023-10-02T14:22:39","slug":"impressum","status":"publish","type":"page","link":"https:\/\/www.customercollective.eu\/de\/impressum\/","title":{"rendered":"Impressum"},"content":{"rendered":"\n\n<section class=\"hero hero_variant-complex\" id=\"block_643d1dcc7fe99\" data-hero>\n      <div class=\"hero__background\" style=\"--hero-background: url('https:\/\/www.customercollective.eu\/wp-content\/uploads\/2023\/02\/Customer-Collective-main-image-f1_FullLogos_Gradient-e1683612479218.png')\"><\/div>\n  \n  <div class=\"hero__inner\">\n    <div class=\"hero__header\">\n      <svg class=\"hero__header-shape before\" width=\"151\" height=\"356\" viewBox=\"0 0 151 356\" fill=\"none\" xmlns=\"http:\/\/www.w3.org\/2000\/svg\">\n        <path d=\"M144.962 274.32L66.7915 352.341C26.821 305.798 2.5 245.497 2.49999 179.383C2.49999 113.241 28.096 50.0057 69.8903 2.98822L147.798 80.7465C125.819 107.639 112.587 141.974 112.587 179.383C112.587 216.774 124.725 248.062 144.962 274.32Z\" stroke=\"#C4FC73\" stroke-width=\"4\"\/>\n      <\/svg>\n\n      \n              <div class=\"hero__header-heading\">\n          \n          <div class=\"hero__header-heading-content\">\n            \n            \n<h2 class=\"heading heading_h2 hero__header-title\">\n  Impressum\n<\/h2>\n\n                      <\/div>\n        <\/div>\n      \n      \n      \n      <svg class=\"hero__header-shape after\" width=\"151\" height=\"356\" viewBox=\"0 0 151 356\" fill=\"none\" xmlns=\"http:\/\/www.w3.org\/2000\/svg\">\n        <path d=\"M6.03822 81.0431L84.2085 3.02277C124.179 49.5654 148.5 109.866 148.5 175.98C148.5 242.123 122.904 305.358 81.1096 352.375L3.20194 274.617C25.1806 247.724 38.413 213.389 38.413 175.98C38.413 138.59 26.2752 107.301 6.03822 81.0431Z\" stroke=\"#C4FC73\" stroke-width=\"4\"\/>\n      <\/svg>\n    <\/div>\n\n      <\/div>\n<\/section>\n\n\n<section class=\"article-paragraph article-paragraph_variant-default article-paragraph_scheme-dark\" id=\"block_643d1d93dfc8e\">\n  <div class=\"article-paragraph__container\">\n          \n\n\n<div class=\"text text_default-700 article-paragraph__content\" >\n  <h2>Rechtliche Informationen zur Customer Collective Gruppe<\/h2>\n<p>&nbsp;<\/p>\n<p>Die Website www.customercollective.eu wird betrieben unter der Verantwortung von:<\/p>\n<p>CUSTOMER COLLECTIVE \/ <span class=\"ui-provider a b c d e f g h i j k l m n o p q r s t u v w x y z ab ac ae af ag ah ai aj ak\" dir=\"ltr\"> B-15<\/span><br \/>\nHermeslaan 9<br \/>\nB-1831 Diegem<br \/>\nBE 0550.927.237<\/p>\n<p>Contact: marketing@customercollective.eu<br \/>\nPhone number: +32 (0) 2 704 91 61<\/p>\n<p>Gesch\u00e4ftsf\u00fchrer: Gr\u00e9gory Delens, Emanuel Nuyts and Lies Taerwe<\/p>\n<p>&nbsp;<\/p>\n\n<\/div>\n      <\/div>\n<\/section>\n","protected":false},"excerpt":{"rendered":"","protected":false},"author":1,"featured_media":0,"parent":0,"menu_order":0,"comment_status":"closed","ping_status":"closed","template":"","meta":{"footnotes":""},"class_list":["post-5368","page","type-page","status-publish","hentry"],"acf":[],"yoast_head":"<!-- This site is optimized with the Yoast SEO plugin v20.5 - https:\/\/yoast.com\/wordpress\/plugins\/seo\/ -->\n<title>Impressum | Customer Collective<\/title>\n<meta name=\"robots\" content=\"index, follow, max-snippet:-1, max-image-preview:large, max-video-preview:-1\" \/>\n<link rel=\"canonical\" href=\"https:\/\/www.customercollective.eu\/de\/impressum\/\" \/>\n<meta property=\"og:locale\" content=\"de_DE\" \/>\n<meta property=\"og:type\" content=\"article\" \/>\n<meta property=\"og:title\" content=\"Impressum | Customer Collective\" \/>\n<meta property=\"og:url\" content=\"https:\/\/www.customercollective.eu\/de\/impressum\/\" \/>\n<meta property=\"og:site_name\" content=\"Customer Collective\" \/>\n<meta property=\"article:modified_time\" content=\"2023-10-02T14:22:39+00:00\" \/>\n<meta name=\"twitter:card\" content=\"summary_large_image\" \/>\n<script type=\"application\/ld+json\" class=\"yoast-schema-graph\">{\"@context\":\"https:\/\/schema.org\",\"@graph\":[{\"@type\":\"WebPage\",\"@id\":\"https:\/\/www.customercollective.eu\/de\/impressum\/\",\"url\":\"https:\/\/www.customercollective.eu\/de\/impressum\/\",\"name\":\"Impressum | Customer Collective\",\"isPartOf\":{\"@id\":\"https:\/\/www.customercollective.eu\/#website\"},\"datePublished\":\"2023-04-17T09:21:23+00:00\",\"dateModified\":\"2023-10-02T14:22:39+00:00\",\"breadcrumb\":{\"@id\":\"https:\/\/www.customercollective.eu\/de\/impressum\/#breadcrumb\"},\"inLanguage\":\"de-DE\",\"potentialAction\":[{\"@type\":\"ReadAction\",\"target\":[\"https:\/\/www.customercollective.eu\/de\/impressum\/\"]}]},{\"@type\":\"BreadcrumbList\",\"@id\":\"https:\/\/www.customercollective.eu\/de\/impressum\/#breadcrumb\",\"itemListElement\":[{\"@type\":\"ListItem\",\"position\":1,\"name\":\"Home\",\"item\":\"https:\/\/www.customercollective.eu\/de\/\"},{\"@type\":\"ListItem\",\"position\":2,\"name\":\"Impressum\"}]},{\"@type\":\"WebSite\",\"@id\":\"https:\/\/www.customercollective.eu\/#website\",\"url\":\"https:\/\/www.customercollective.eu\/\",\"name\":\"Customer Collective\",\"description\":\"How can we drive your business forward?\",\"potentialAction\":[{\"@type\":\"SearchAction\",\"target\":{\"@type\":\"EntryPoint\",\"urlTemplate\":\"https:\/\/www.customercollective.eu\/?s={search_term_string}\"},\"query-input\":\"required name=search_term_string\"}],\"inLanguage\":\"de-DE\"}]}<\/script>\n<!-- \/ Yoast SEO plugin. -->","yoast_head_json":{"title":"Impressum | Customer Collective","robots":{"index":"index","follow":"follow","max-snippet":"max-snippet:-1","max-image-preview":"max-image-preview:large","max-video-preview":"max-video-preview:-1"},"canonical":"https:\/\/www.customercollective.eu\/de\/impressum\/","og_locale":"de_DE","og_type":"article","og_title":"Impressum | Customer Collective","og_url":"https:\/\/www.customercollective.eu\/de\/impressum\/","og_site_name":"Customer Collective","article_modified_time":"2023-10-02T14:22:39+00:00","twitter_card":"summary_large_image","schema":{"@context":"https:\/\/schema.org","@graph":[{"@type":"WebPage","@id":"https:\/\/www.customercollective.eu\/de\/impressum\/","url":"https:\/\/www.customercollective.eu\/de\/impressum\/","name":"Impressum | Customer Collective","isPartOf":{"@id":"https:\/\/www.customercollective.eu\/#website"},"datePublished":"2023-04-17T09:21:23+00:00","dateModified":"2023-10-02T14:22:39+00:00","breadcrumb":{"@id":"https:\/\/www.customercollective.eu\/de\/impressum\/#breadcrumb"},"inLanguage":"de-DE","potentialAction":[{"@type":"ReadAction","target":["https:\/\/www.customercollective.eu\/de\/impressum\/"]}]},{"@type":"BreadcrumbList","@id":"https:\/\/www.customercollective.eu\/de\/impressum\/#breadcrumb","itemListElement":[{"@type":"ListItem","position":1,"name":"Home","item":"https:\/\/www.customercollective.eu\/de\/"},{"@type":"ListItem","position":2,"name":"Impressum"}]},{"@type":"WebSite","@id":"https:\/\/www.customercollective.eu\/#website","url":"https:\/\/www.customercollective.eu\/","name":"Customer Collective","description":"How can we drive your business forward?","potentialAction":[{"@type":"SearchAction","target":{"@type":"EntryPoint","urlTemplate":"https:\/\/www.customercollective.eu\/?s={search_term_string}"},"query-input":"required name=search_term_string"}],"inLanguage":"de-DE"}]}},"_links":{"self":[{"href":"https:\/\/www.customercollective.eu\/de\/wp-json\/wp\/v2\/pages\/5368"}],"collection":[{"href":"https:\/\/www.customercollective.eu\/de\/wp-json\/wp\/v2\/pages"}],"about":[{"href":"https:\/\/www.customercollective.eu\/de\/wp-json\/wp\/v2\/types\/page"}],"author":[{"embeddable":true,"href":"https:\/\/www.customercollective.eu\/de\/wp-json\/wp\/v2\/users\/1"}],"replies":[{"embeddable":true,"href":"https:\/\/www.customercollective.eu\/de\/wp-json\/wp\/v2\/comments?post=5368"}],"version-history":[{"count":1,"href":"https:\/\/www.customercollective.eu\/de\/wp-json\/wp\/v2\/pages\/5368\/revisions"}],"predecessor-version":[{"id":5369,"href":"https:\/\/www.customercollective.eu\/de\/wp-json\/wp\/v2\/pages\/5368\/revisions\/5369"}],"wp:attachment":[{"href":"https:\/\/www.customercollective.eu\/de\/wp-json\/wp\/v2\/media?parent=5368"}],"curies":[{"name":"wp","href":"https:\/\/api.w.org\/{rel}","templated":true}]}}